{"id":525,"date":"2021-06-14T15:03:42","date_gmt":"2021-06-14T14:03:42","guid":{"rendered":"https:\/\/gehrilegal.com\/?page_id=525"},"modified":"2021-09-09T08:56:24","modified_gmt":"2021-09-09T07:56:24","slug":"vertragswesen","status":"publish","type":"page","link":"https:\/\/gehrilegal.com\/en\/vertragswesen\/","title":{"rendered":"Contracts"},"content":{"rendered":"<h1>\n\t\tContracts\n\t<\/h1>\n<h2>\n\t\tNegotiating contracts well pays off\n\t<\/h2>\n\t<p>Very few companies pay due attention to contracts. The client's purchasing departments deliberately do not allow much time for the submission of tenders. It is expected that any deviations from the standard contracts supplied in the tender will be communicated to the client within the tender deadline and that concrete proposals regarding deviations will be made. The time for reviewing the standard contracts quickly becomes short. Often the contracts are very extensive, the bidder does not have an internal legal service and the sales organisation is pushing for the conclusion.<\/p>\n<p>This is where it is important to seek legal advice immediately. Do not be afraid to have the deadline for reviewing the contract extended, regardless of the bid deadline. Court practice shows that the content of poorly or unilaterally drafted contracts often ends up in court or arbitration. This is the case when divergences in interpretation and application have led to a massive imbalance. This costs the parties more on balance than if they had sought legal support in the contract negotiations from the outset and spent more time on it.<\/p>\n<h2>\n\t\tMany years of experience in contract negotiation\n\t<\/h2>\n\t<p>Contracts that are professionally tailored to the respective parties and negotiated in a balanced manner are well-structured, logically structured, can be applied by laypersons and prevent disputes. The will of the parties is clear on both sides.<\/p>\n<p>Good contracts are persistently negotiated and then put in the drawer and rarely used. It is therefore worthwhile to draft contracts professionally right at the beginning of the emerging contract negotiations. We support you in this with many years of experience, both in-house and externally, with the negotiation of the following contracts:<\/p>\n<ul>\n<li>Service contracts \/ order<\/li>\n<li>SaaS contracts<\/li>\n<li>ICT contracts<\/li>\n<li>Data processing contracts<\/li>\n<li>General terms and conditions<\/li>\n<li>Hardware supply contracts<\/li>\n<li>Consultancy contracts<\/li>\n<li>Agency contracts<\/li>\n<li>Share purchase agreements and shareholders' agreements<\/li>\n<li>Commodity purchase contracts (long term &amp; spot)<\/li>\n<li>Infrastructure contracts<\/li>\n<li>Licence contracts<\/li>\n<li>Transport contracts<\/li>\n<li>Business rent contracts<\/li>\n<li>Franchise contracts<\/li>\n<li>Leasing contracts<\/li>\n<li>Employment contracts<\/li>\n<\/ul>\n<h2>\n\t\tOur services\n\t<\/h2>\n\t<p>In detail, we offer the following services:<\/p>\n<ul>\n<li>Selection, instruction and management of the negotiating team (in-house and external)<\/li>\n<li>Creating project groups for individual negotiation topics<\/li>\n<li>Organisation, structuring and management of negotiations<\/li>\n<li>Project management<\/li>\n<li>Communication with contracting party<\/li>\n<\/ul>\n<p>&nbsp;<\/p>\n<p>We relieve you of the burden of organising the negotiations and determining the content. We form and lead the contract negotiation team, organise the individual negotiation rounds, prepare the versions of the draft contracts, follow up with the other party and supervise the project management. We try to reflect your needs and wishes in the contract text from the very beginning.<\/p>\n<h3>\n\t\tDo you need something else?\n\t<\/h3>\n\t\t\t<a href=\"https:\/\/gehrilegal.com\/en\/zivilprozessrecht\/\" target=\"_self\" role=\"button\" rel=\"noopener\">\n\t\t\t\t\t\t\tCivil Procedure Law\n\t\t\t\t\t<\/a>\n\t\t\t<a href=\"https:\/\/gehrilegal.com\/en\/vollstreckung\/\" target=\"_self\" role=\"button\" rel=\"noopener\">\n\t\t\t\t\t\t\tEnforcement\n\t\t\t\t\t<\/a>\n\t\t\t<a href=\"https:\/\/gehrilegal.com\/en\/expertise\/\" target=\"_self\" role=\"button\" rel=\"noopener\">\n\t\t\t\t\t\t\tOverview subject areas\n\t\t\t\t\t<\/a>","protected":false},"excerpt":{"rendered":"<p>Vertragswesen Vertr\u00e4ge gut auszuhandeln lohnt sich Den Vertr\u00e4gen schenken die wenigsten Unternehmen geb\u00fchrende Beachtung. Die Einkaufsabteilungen der Kundin veranschlagen die zur Verf\u00fcgung gestellte Zeit f\u00fcr die Offertabgabe bewusst knapp. Es wird erwartet, dass allf\u00e4llige Abweichungen von den in der Ausschreibung mitgelieferten Standardvertr\u00e4gen der Kundin innerhalb der Tenderfrist kommuniziert werden und konkrete Vorschl\u00e4ge betreffend Abweichungen gemacht&hellip;<\/p>","protected":false},"author":1,"featured_media":0,"parent":0,"menu_order":0,"comment_status":"closed","ping_status":"closed","template":"","meta":{"inline_featured_image":false,"footnotes":""},"class_list":["post-525","page","type-page","status-publish","hentry"],"yoast_head":"<!-- This site is optimized with the Yoast SEO plugin v27.2 - https:\/\/yoast.com\/product\/yoast-seo-wordpress\/ -->\n<title>Schweizer Anwaltskanzlei spezialisiert auf Vertragsrecht<\/title>\n<meta name=\"description\" content=\"Wir haben langj\u00e4hrige Erfahrung im Vertragsrecht und unterst\u00fctzen Sie bei Ihren Vertragsverhandlungen sowohl inhouse als auch extern.\" \/>\n<meta name=\"robots\" content=\"index, follow, max-snippet:-1, max-image-preview:large, max-video-preview:-1\" \/>\n<link rel=\"canonical\" href=\"https:\/\/gehrilegal.com\/en\/vertragswesen\/\" \/>\n<meta property=\"og:locale\" content=\"en_GB\" \/>\n<meta property=\"og:type\" content=\"article\" \/>\n<meta property=\"og:title\" content=\"Schweizer Anwaltskanzlei spezialisiert auf Vertragsrecht\" \/>\n<meta property=\"og:description\" content=\"Wir haben langj\u00e4hrige Erfahrung im Vertragsrecht und unterst\u00fctzen Sie bei Ihren Vertragsverhandlungen sowohl inhouse als auch extern.\" \/>\n<meta property=\"og:url\" content=\"https:\/\/gehrilegal.com\/en\/vertragswesen\/\" \/>\n<meta property=\"og:site_name\" content=\"Gehrilegal Attorneys\" \/>\n<meta property=\"article:modified_time\" content=\"2021-09-09T07:56:24+00:00\" \/>\n<meta name=\"twitter:card\" content=\"summary_large_image\" \/>\n<meta name=\"twitter:label1\" content=\"Estimated reading time\" \/>\n\t<meta name=\"twitter:data1\" content=\"2 minutes\" \/>\n<script type=\"application\/ld+json\" class=\"yoast-schema-graph\">{\"@context\":\"https:\/\/schema.org\",\"@graph\":[{\"@type\":\"WebPage\",\"@id\":\"https:\/\/gehrilegal.com\/vertragswesen\/\",\"url\":\"https:\/\/gehrilegal.com\/vertragswesen\/\",\"name\":\"Schweizer Anwaltskanzlei spezialisiert auf Vertragsrecht\",\"isPartOf\":{\"@id\":\"https:\/\/gehrilegal.com\/#website\"},\"datePublished\":\"2021-06-14T14:03:42+00:00\",\"dateModified\":\"2021-09-09T07:56:24+00:00\",\"description\":\"Wir haben langj\u00e4hrige Erfahrung im Vertragsrecht und unterst\u00fctzen Sie bei Ihren Vertragsverhandlungen sowohl inhouse als auch extern.\",\"breadcrumb\":{\"@id\":\"https:\/\/gehrilegal.com\/vertragswesen\/#breadcrumb\"},\"inLanguage\":\"en-GB\",\"potentialAction\":[{\"@type\":\"ReadAction\",\"target\":[\"https:\/\/gehrilegal.com\/vertragswesen\/\"]}]},{\"@type\":\"BreadcrumbList\",\"@id\":\"https:\/\/gehrilegal.com\/vertragswesen\/#breadcrumb\",\"itemListElement\":[{\"@type\":\"ListItem\",\"position\":1,\"name\":\"Startseite\",\"item\":\"https:\/\/gehrilegal.com\/\"},{\"@type\":\"ListItem\",\"position\":2,\"name\":\"Vertragswesen\"}]},{\"@type\":\"WebSite\",\"@id\":\"https:\/\/gehrilegal.com\/#website\",\"url\":\"https:\/\/gehrilegal.com\/\",\"name\":\"Gehrilegal Attorneys\",\"description\":\"\",\"potentialAction\":[{\"@type\":\"SearchAction\",\"target\":{\"@type\":\"EntryPoint\",\"urlTemplate\":\"https:\/\/gehrilegal.com\/?s={search_term_string}\"},\"query-input\":{\"@type\":\"PropertyValueSpecification\",\"valueRequired\":true,\"valueName\":\"search_term_string\"}}],\"inLanguage\":\"en-GB\"}]}<\/script>\n<!-- \/ Yoast SEO plugin. -->","yoast_head_json":{"title":"Schweizer Anwaltskanzlei spezialisiert auf Vertragsrecht","description":"Wir haben langj\u00e4hrige Erfahrung im Vertragsrecht und unterst\u00fctzen Sie bei Ihren Vertragsverhandlungen sowohl inhouse als auch extern.","robots":{"index":"index","follow":"follow","max-snippet":"max-snippet:-1","max-image-preview":"max-image-preview:large","max-video-preview":"max-video-preview:-1"},"canonical":"https:\/\/gehrilegal.com\/en\/vertragswesen\/","og_locale":"en_GB","og_type":"article","og_title":"Schweizer Anwaltskanzlei spezialisiert auf Vertragsrecht","og_description":"Wir haben langj\u00e4hrige Erfahrung im Vertragsrecht und unterst\u00fctzen Sie bei Ihren Vertragsverhandlungen sowohl inhouse als auch extern.","og_url":"https:\/\/gehrilegal.com\/en\/vertragswesen\/","og_site_name":"Gehrilegal Attorneys","article_modified_time":"2021-09-09T07:56:24+00:00","twitter_card":"summary_large_image","twitter_misc":{"Estimated reading time":"2 minutes"},"schema":{"@context":"https:\/\/schema.org","@graph":[{"@type":"WebPage","@id":"https:\/\/gehrilegal.com\/vertragswesen\/","url":"https:\/\/gehrilegal.com\/vertragswesen\/","name":"Schweizer Anwaltskanzlei spezialisiert auf Vertragsrecht","isPartOf":{"@id":"https:\/\/gehrilegal.com\/#website"},"datePublished":"2021-06-14T14:03:42+00:00","dateModified":"2021-09-09T07:56:24+00:00","description":"Wir haben langj\u00e4hrige Erfahrung im Vertragsrecht und unterst\u00fctzen Sie bei Ihren Vertragsverhandlungen sowohl inhouse als auch extern.","breadcrumb":{"@id":"https:\/\/gehrilegal.com\/vertragswesen\/#breadcrumb"},"inLanguage":"en-GB","potentialAction":[{"@type":"ReadAction","target":["https:\/\/gehrilegal.com\/vertragswesen\/"]}]},{"@type":"BreadcrumbList","@id":"https:\/\/gehrilegal.com\/vertragswesen\/#breadcrumb","itemListElement":[{"@type":"ListItem","position":1,"name":"Startseite","item":"https:\/\/gehrilegal.com\/"},{"@type":"ListItem","position":2,"name":"Vertragswesen"}]},{"@type":"WebSite","@id":"https:\/\/gehrilegal.com\/#website","url":"https:\/\/gehrilegal.com\/","name":"Gehrilegal Attorneys","description":"","potentialAction":[{"@type":"SearchAction","target":{"@type":"EntryPoint","urlTemplate":"https:\/\/gehrilegal.com\/?s={search_term_string}"},"query-input":{"@type":"PropertyValueSpecification","valueRequired":true,"valueName":"search_term_string"}}],"inLanguage":"en-GB"}]}},"_links":{"self":[{"href":"https:\/\/gehrilegal.com\/en\/wp-json\/wp\/v2\/pages\/525","targetHints":{"allow":["GET"]}}],"collection":[{"href":"https:\/\/gehrilegal.com\/en\/wp-json\/wp\/v2\/pages"}],"about":[{"href":"https:\/\/gehrilegal.com\/en\/wp-json\/wp\/v2\/types\/page"}],"author":[{"embeddable":true,"href":"https:\/\/gehrilegal.com\/en\/wp-json\/wp\/v2\/users\/1"}],"replies":[{"embeddable":true,"href":"https:\/\/gehrilegal.com\/en\/wp-json\/wp\/v2\/comments?post=525"}],"version-history":[{"count":20,"href":"https:\/\/gehrilegal.com\/en\/wp-json\/wp\/v2\/pages\/525\/revisions"}],"predecessor-version":[{"id":886,"href":"https:\/\/gehrilegal.com\/en\/wp-json\/wp\/v2\/pages\/525\/revisions\/886"}],"wp:attachment":[{"href":"https:\/\/gehrilegal.com\/en\/wp-json\/wp\/v2\/media?parent=525"}],"curies":[{"name":"wp","href":"https:\/\/api.w.org\/{rel}","templated":true}]}}