{"id":41,"date":"2021-02-28T11:33:13","date_gmt":"2021-02-28T10:33:13","guid":{"rendered":"https:\/\/gehrilegal.com\/?page_id=41"},"modified":"2024-01-15T16:52:05","modified_gmt":"2024-01-15T15:52:05","slug":"publikationen","status":"publish","type":"page","link":"https:\/\/gehrilegal.com\/en\/publikationen\/","title":{"rendered":"Publications"},"content":{"rendered":"<img loading=\"lazy\" decoding=\"async\" src=\"https:\/\/gehrilegal.com\/wp-content\/uploads\/2021\/08\/Element-1.png\" alt=\"Gehrilegal Attorneys Logo\" itemprop=\"image\" height=\"512\" width=\"512\" title=\"gehrilegal-attorneys-logo\" onerror=\"this.style.display='none'\"  \/>\n<h1>\n\t\tPublications\n\t<\/h1>\n\t<p>Gehrilegal Attorneys publishes commentaries and essays on Swiss law, particularly in the areas of commercial contracts, litigation and enforcement.<\/p>\n<p>You can order the publications as PDF files. Please send us an email to <a href=\"\/en\/&\/#x6d;&#x61;&#x69;&#x6c;&#x74;&#111;&#58;&#107;&#111;nta&#x6b;&#x74;&#x40;&#x67;&#x65;&#x68;&#114;&#105;&#108;ega&#x6c;&#x2e;&#x63;&#x6f;&#x6d;?subject=Bestellung%20Publikation\">&#107;o&#x6e;t&#x61;k&#x74;&#64;&#x67;&#101;&#x68;&#114;i&#x6c;e&#x67;a&#x6c;&#46;&#x63;&#111;&#x6d;<\/a>.<\/p>\n<h2>\n\t\tTextbooks and essays\n\t<\/h2>\n\t\t\t\t\t\t\t\t\t\t\t\t<h3>Durchsetzung des mietrechtlichen Retentionsrechts in der Praxis<\/h3>\n\t\t\t\t\t\t<p>Myriam Gehri<\/p>\t\t\t\t\t\n\t\t\t<!-- END .front -->\n\t\t\t\t\t\t<p>In: Rechtskl\u00e4rung und Rechtsdurchsetzung nach SchKG, ZZZ Schweizerisches Zeitschrift f\u00fcr Zivilprozess- und Zwangsvollstreckungs-recht, Sonderausgabe f\u00fcr Ingrid Jent-S\u00f8rensen zum 65. Geburtstag, Nr. 37 2016<\/p>\t\t\t\t\t\n\t\t\t<a href=\"https:\/\/gehrilegal.com\/wp-content\/uploads\/2021\/06\/Gehrilegal_Sonderband_ZZZ_Ingrid_Jent_MG.pdf\" target=\"_self\" role=\"button\" aria-label=\"PDF\" rel=\"noopener\">\n\t\t\t\t\t\t\tPDF\n\t\t<\/a>\n\t\t\t<!-- END .back -->\n\t\t <!-- ifb-flip-box -->\n\t <!-- flip-box -->\n\t\t\t\t\t\t\t\t\t\t\t\t<h3>Anerkennung ausl\u00e4ndischer Insolvenzentscheide in der Schweiz &#8211; ein neuer R\u00e9duit National?<\/h3>\n\t\t\t\t\t\t<p>Gehri \/ Kostkiewicz<\/p>\t\t\t\t\t\n\t\t\t<!-- END .front -->\n\t\t\t\t\t\t<p>in: Schweizerische Zeitschrift f\u00fcr internationales und europ\u00e4isches Recht (SZIER), 2\/2009<\/p>\t\t\t\t\t\n\t\t\t<!-- END .back -->\n\t\t <!-- ifb-flip-box -->\n\t <!-- flip-box -->\n\t\t\t\t\t\t\t\t\t\t\t\t<h3>Gerichtsstands- und Schieds-vereinbarungen in Angelegenheiten des Schuldbetreibungs- und Konkursrechts<\/h3>\n\t\t\t\t\t\t<p>Myriam Gehri<\/p>\t\t\t\t\t\n\t\t\t<!-- END .front -->\n\t\t\t\t\t\t<p>In: Aktuelle Fragen des Zivilprozessrechts, Universit\u00e4t St. Gallen (Hrsg.), Tagungsdokumentation vom 22. Juni 2007<\/p>\t\t\t\t\t\n\t\t\t<!-- END .back -->\n\t\t <!-- ifb-flip-box -->\n\t <!-- flip-box -->\n\t\t\t\t\t\t\t\t\t\t\t\t<h3>Worldwide freezing orders &#8211; Die Dadourian Richtlinien und ihre Auswirkungen auf das Internationale Vollstreckungs-Recht<\/h3>\n\t\t\t\t\t\t<p>Myriam Gehri<\/p>\t\t\t\t\t\n\t\t\t<!-- END .front -->\n\t\t\t\t\t\t<p>In: SZZP Schweizerische Zeitschrift f\u00fcr Zivilprozessrecht 4\/2006<\/p>\t\t\t\t\t\n\t\t\t<!-- END .back -->\n\t\t <!-- ifb-flip-box -->\n\t <!-- flip-box -->\n\t\t\t\t\t\t\t\t\t\t\t\t<h3>Die Anfechtung internationaler Schiedsspr\u00fcche nach IPRG &#8211; eine Analyse der bundes-gerichtlichen Rechtssprechung<\/h3>\n\t\t\t\t\t\t<p>Myriam Gehri<\/p>\t\t\t\t\t\n\t\t\t<!-- END .front -->\n\t\t\t\t\t\t<p>In: Schriftenreihe Internationales Zivilprozessund Verfahrensrecht IV des Europainstitutes Z\u00fcrich, Band Nr. 54, Z\u00fcrich 2005<\/p>\t\t\t\t\t\n\t\t\t<!-- END .back -->\n\t\t <!-- ifb-flip-box -->\n\t <!-- flip-box -->\n\t\t\t\t\t\t\t\t\t\t\t\t<h3>Scheidung auf Schwedisch &#8211; Fallstudie im internationalen Zivilprozessrecht<\/h3>\n\t\t\t\t\t\t<p>Myriam Gehri<\/p>\t\t\t\t\t\n\t\t\t<!-- END .front -->\n\t\t\t\t\t\t<p>in: Jusletter vom 22. M\u00e4rz 2004<\/p>\t\t\t\t\t\n\t\t\t<!-- END .back -->\n\t\t <!-- ifb-flip-box -->\n\t <!-- flip-box -->\n\t\t\t\t\t\t\t\t\t\t\t\t<h3>Internationales Zivilprozessrecht &#8211; ein Praxisbeispiel<\/h3>\n\t\t\t\t\t\t<p>Myriam Gehri<\/p>\t\t\t\t\t\n\t\t\t<!-- END .front -->\n\t\t\t\t\t\t<p>in: Jusletter vom 12. Mai 2003<\/p>\t\t\t\t\t\n\t\t\t<!-- END .back -->\n\t\t <!-- ifb-flip-box -->\n\t <!-- flip-box -->\n\t\t\t\t\t\t\t\t\t\t\t\t<h3>Neuste Rechtsprechung des EuGH zum internationalen Zivilprozessrecht<\/h3>\n\t\t\t\t\t\t<p>Myriam Gehri<\/p>\t\t\t\t\t\n\t\t\t<!-- END .front -->\n\t\t\t\t\t\t<p>in: EuZ Nr. 4, S. 80 ff., 2003<\/p>\t\t\t\t\t\n\t\t\t<!-- END .back -->\n\t\t <!-- ifb-flip-box -->\n\t <!-- flip-box -->\n\t\t\t\t\t\t\t\t\t\t\t\t<h3>Der Konsumenten-gerichtsstand im Spannungsfeld von freier Marktwirtschaft und Verbraucherschutz<\/h3>\n\t\t\t\t\t\t<p>Myriam Gehri<\/p>\t\t\t\t\t\n\t\t\t<!-- END .front -->\n\t\t\t\t\t\t<p>in: Aktuelle Fragen des Zivilprozessrechts, Universit\u00e4t St. Gallen (Hrsg.), Tagungsdokumentation vom 26. November 2002<\/p>\t\t\t\t\t\n\t\t\t<!-- END .back -->\n\t\t <!-- ifb-flip-box -->\n\t <!-- flip-box -->\n\t\t\t\t\t\t\t\t\t\t\t\t<h3>F\u00e4lle im Zivilprozessrecht sowie im Schuldbetreibungs- und Konkursrecht<\/h3>\n\t\t\t\t\t\t<p>Sp\u00fchler \/ Kostkiewicz \/ Gehri \/ Mabillard<\/p>\t\t\t\t\t\n\t\t\t<!-- END .front -->\n\t\t\t\t\t\t<p>2. Auflage, 2015 Z\u00fcrich<\/p>\t\t\t\t\t\n\t\t\t<!-- END .back -->\n\t\t <!-- ifb-flip-box -->\n\t <!-- flip-box -->\n\t\t\t\t\t\t\t\t\t\t\t\t<h3>Arbitration in Switzerland<\/h3>\n\t\t\t\t\t\t<p>Rohner \/ Gehri \/ Erk<\/p>\t\t\t\t\t\n\t\t\t<!-- END .front -->\n\t\t\t\t\t\t<p>In: Gerhard Wegen \/ Stephan Wilske<br \/>(Hrsg. Arbitration in 47 jurisdictions worldwide, Getting the Deal Through, Global Arbitration Review, 2009 London<\/p>\t\t\t\t\t\n\t\t\t<!-- END .back -->\n\t\t <!-- ifb-flip-box -->\n\t <!-- flip-box -->\n\t\t\t\t\t\t\t\t\t\t\t\t<h3>Fristenlauf im Falle eins laufenden Auftrags zur R\u00fcckbehaltung der Post, Nachweis der Fristwahrung bei Einwurf nach Schalterschluss der Post<\/h3>\n\t\t\t\t\t\t<p>Myriam Gehri<\/p>\t\t\t\t\t\n\t\t\t<!-- END .front -->\n\t\t\t\t\t\t<p>Urteilsbesprechungen 4P. 124\/\/2006 und 1P.509\/2005, in: ZZZ Swiss Journal of civil procedure and Execution Law, no. 13, p 84ff., 2007<\/p>\t\t\t\t\t\n\t\t\t<!-- END .back -->\n\t\t <!-- ifb-flip-box -->\n\t <!-- flip-box -->\n\t\t\t\t\t\t\t\t\t\t\t\t<h3>Arrestlegung, Inlandsbezug, Deliktsort, Urteils-Besprechung<\/h3>\n\t\t\t\t\t\t<p>Myriam Gehri<\/p>\t\t\t\t\t\n\t\t\t<!-- END .front -->\n\t\t\t\t\t\t<p>in:. ZZZ Schweizerische Zeitschrift f\u00fcr Zivilprozess-und Zwangsvollstreckungsrecht, Nr. 7 , S. 445, 2005<\/p>\t\t\t\t\t\n\t\t\t<!-- END .back -->\n\t\t <!-- ifb-flip-box -->\n\t <!-- flip-box -->\n\t\t\t\t\t\t\t\t\t\t\t\t<h3>Die Zustellung von Gerichtsurkunden im Wandel von Rechtspraxis und Technologie<\/h3>\n\t\t\t\t\t\t<p>Myriam Gehri<\/p>\t\t\t\t\t\n\t\t\t<!-- END .front -->\n\t\t\t\t\t\t<p>In: Aktuelle Fragen des Zivilprozessrechts, Universit\u00e4t St. Gallen (Hrsg.), Tagungsdokumentation vom 2. Juni 2004<\/p>\t\t\t\t\t\n\t\t\t<!-- END .back -->\n\t\t <!-- ifb-flip-box -->\n\t <!-- flip-box -->\n\t\t\t\t\t\t\t\t\t\t\t\t<h3>Negative Feststellungsklage, Urteils-Besprechung<\/h3>\n\t\t\t\t\t\t<p>Myriam Gehri<\/p>\t\t\t\t\t\n\t\t\t<!-- END .front -->\n\t\t\t\t\t\t<p>Urteilsbesprechung 4C.192\/2004, in: ZZZ Schweizerische Zeitschrift f\u00fcr Zivilprozess- und Zwangsvollstreckungsrecht, Nr. 3, S. 406ff., 2004<\/p>\t\t\t\t\t\n\t\t\t<!-- END .back -->\n\t\t <!-- ifb-flip-box -->\n\t <!-- flip-box -->\n\t\t\t\t\t\t\t\t\t\t\t\t<h3>Grundriss des z\u00fcrcherischen Zivilprozessrechts<\/h3>\n\t\t\t\t\t\t<p>Sp\u00fchler \/ Gehri<\/p>\t\t\t\t\t\n\t\t\t<!-- END .front -->\n\t\t\t\t\t\t<p>Erg\u00e4nzung zum Lehrbuch von Oscar Vogel \/ Karl Sp\u00fchler, Grundriss des Zivilprozessrechts, Z\u00fcrich 2003<\/p>\t\t\t\t\t\n\t\t\t<!-- END .back -->\n\t\t <!-- ifb-flip-box -->\n\t <!-- flip-box -->\n\t\t\t\t\t\t\t\t\t\t\t\t<h3>Die Zulassung von Experten zur Urteilsberatung: neue Wege f\u00fcr Schiedsverfahren?<\/h3>\n\t\t\t\t\t\t<p>Sp\u00fchler \/ Gehri<\/p>\t\t\t\t\t\n\t\t\t<!-- END .front -->\n\t\t\t\t\t\t<p>in: ASA Bulletin, Volume 21, No.1, S. 16 ff., 2003<\/p>\t\t\t\t\t\n\t\t\t<!-- END .back -->\n\t\t <!-- ifb-flip-box -->\n\t <!-- flip-box -->\n\t\t\t\t\t\t\t\t\t\t\t\t<h3>Wirtschaftsrechtliche Zust\u00e4ndigkeiten im internationalen Zivilprozessrecht der Schweiz<\/h3>\n\t\t\t\t\t\t<p>Myriam Gehri<\/p>\t\t\t\t\t\n\t\t\t<!-- END .front -->\n\t\t\t\t\t\t<p>Diss., Z\u00fcrcher Studien zum Verfahrensrecht, Band 130, Z\u00fcrich 2002<\/p>\t\t\t\t\t\n\t\t\t<!-- END .back -->\n\t\t <!-- ifb-flip-box -->\n\t <!-- flip-box -->\n\t\t\t\t\t\t\t\t\t\t\t\t<h3>Grundriss des Schweizerischen Zivilprozessrechts<\/h3>\n\t\t\t\t\t\t<p>Sp\u00fchler \/ Folge \/ Gehri (Hrsg.)<\/p>\t\t\t\t\t\n\t\t\t<!-- END .front -->\n\t\t\t\t\t\t<p>9. Auflage, 2010 Bern<\/p>\t\t\t\t\t\n\t\t\t<!-- END .back -->\n\t\t <!-- ifb-flip-box -->\n\t <!-- flip-box -->\n\t\t\t\t\t\t\t\t\t\t\t\t<h3>Schuldbetreibungs- und Konkursrecht I<\/h3>\n\t\t\t\t\t\t<p>Sp\u00fchler \/ Gehri<\/p>\t\t\t\t\t\n\t\t\t<!-- END .front -->\n\t\t\t\t\t\t<p>4. Auflage, 2008 Z\u00fcrich<\/p>\t\t\t\t\t\n\t\t\t<!-- END .back -->\n\t\t <!-- ifb-flip-box -->\n\t <!-- flip-box -->\n\t\t\t\t\t\t\t\t\t\t\t\t<h3>Gerichtsstands- und Schieds-vereinbarungen in Angelegenheiten des Schuldbetreibungs- und Konkursrechts<\/h3>\n\t\t\t\t\t\t<p>Myriam Gehri<\/p>\t\t\t\t\t\n\t\t\t<!-- END .front -->\n\t\t\t\t\t\t<p>ZZZ Schweizerisches Zeitschrift f\u00fcr<br \/>Zivilprozess- und Zwangsvollstreckungsrecht, Nr. 16 2007, S.423ff.<\/p>\t\t\t\t\t\n\t\t\t<a href=\"https:\/\/gehrilegal.com\/wp-content\/uploads\/2022\/11\/Gerichtsstands-und-Schiedsvereinbarungen-in-Angelegenheiten-des-Schuldbetreibungs-und-Konkursrechts-Myriam-Gehri.pdf\" target=\"_self\" role=\"button\" aria-label=\"PDF\" rel=\"noopener\">\n\t\t\t\t\t\t\tPDF\n\t\t<\/a>\n\t\t\t<!-- END .back -->\n\t\t <!-- ifb-flip-box -->\n\t <!-- flip-box -->\n\t\t\t\t\t\t\t\t\t\t\t\t<h3>Rechtsh\u00e4ngigkeit und Forum Running &#8211; neue Tendenzen<\/h3>\n\t\t\t\t\t\t<p>Myriam Gehri<\/p>\t\t\t\t\t\n\t\t\t<!-- END .front -->\n\t\t\t\t\t\t<p>in: Aktuelle Fragen des Zivilprozessrechts, Universit\u00e4t St. Gallen (Hrsg.), Tagungsdokumentation vom 2. Juni 2005<\/p>\t\t\t\t\t\n\t\t\t<!-- END .back -->\n\t\t <!-- ifb-flip-box -->\n\t <!-- flip-box -->\n\t\t\t\t\t\t\t\t\t\t\t\t<h3>\u00dcbergangsrecht Gerichtsstands-Gesetz und einfache passive Streit-genossenschaft bei Gerichtsstands-vereinbarungen<\/h3>\n\t\t\t\t\t\t<p>Myriam Gehri<\/p>\t\t\t\t\t\n\t\t\t<!-- END .front -->\n\t\t\t\t\t\t<p>Urteilsbesprechung 4C.327\/2001, in: ZZZ Schweizerische Zeitschrift f\u00fcr Zivilprozess- und Zwangsvollstreckungsrecht, Nr. 1, S. 129ff., 2004<\/p>\t\t\t\t\t\n\t\t\t<!-- END .back -->\n\t\t <!-- ifb-flip-box -->\n\t <!-- flip-box -->\n\t\t\t\t\t\t\t\t\t\t\t\t<h3>Neuste Rechtsprechung des EuGH zum internationalen Zivilprozessrecht<\/h3>\n\t\t\t\t\t\t<p>Myriam Gehri<\/p>\t\t\t\t\t\n\t\t\t<!-- END .front -->\n\t\t\t\t\t\t<p>in: Schriftenreihe Internationales Zivilprozess- und Verfahrensrecht III des Europainstitutes Z\u00fcrich, Band Nr. 46, Z\u00fcrich 2003<\/p>\t\t\t\t\t\n\t\t\t<!-- END .back -->\n\t\t <!-- ifb-flip-box -->\n\t <!-- flip-box -->\n\t\t\t\t\t\t\t\t\t\t\t\t<h3>Neuerungen bei den internationalen Vertrags-gerichtsst\u00e4nden<\/h3>\n\t\t\t\t\t\t<p>Myriam Gehri<\/p>\t\t\t\t\t\n\t\t\t<!-- END .front -->\n\t\t\t\t\t\t<p>in: Schriftenreihe Internationales Zivilprozess- und Verfahrensrecht II des Europainstitutes Z\u00fcrich, Band 37, Z\u00fcrich 2003<\/p>\t\t\t\t\t\n\t\t\t<!-- END .back -->\n\t\t <!-- ifb-flip-box -->\n\t <!-- flip-box -->\n\t\t\t\t\t\t\t\t\t\t\t\t<h3>Die abtr\u00fcnnige Verkaufsleiterin, Falll\u00f6sung im Zivilprozessrecht<\/h3>\n\t\t\t\t\t\t<p>Myriam Gehri<\/p>\t\t\t\t\t\n\t\t\t<!-- END .front -->\n\t\t\t\t\t\t<p>in: Jusletter vom 11. November 2002<\/p>\t\t\t\t\t\n\t\t\t<!-- END .back -->\n\t\t <!-- ifb-flip-box -->\n\t <!-- flip-box -->\n\t\t\t\t\t\t\t\t\t\t\t\t<h3>Gerichtsstands-vereinbarungen und Schiedsklauseln bei nationalen und internationalen Grundst\u00fcckskauf- und Mietvertr\u00e4gen<\/h3>\n\t\t\t\t\t\t<p>Myriam Gehri<\/p>\t\t\t\t\t\n\t\t\t<!-- END .front -->\n\t\t\t\t\t\t<p>in AJP 10\/2001, S. 1239 ff., 2001<\/p>\t\t\t\t\t\n\t\t\t<!-- END .back -->\n\t\t <!-- ifb-flip-box -->\n\t <!-- flip-box -->\n<h2>\n\t\tCommentaries and Festschrift essays\n\t<\/h2>\n\t\t\t\t\t\t\t\t\t\t\t\t<h3>Kommentierung von Art. 308-334, 389-399 ZPO<\/h3>\n\t\t\t\t\t\t<p>Myriam Gehri<\/p>\t\t\t\t\t\n\t\t\t<!-- END .front -->\n\t\t\t\t\t\t<p>in: Jent \/ Gehri \/ Sarbach<br \/>(Hrsg.), Kommentar Schweizerische Zivilprozessordnung, 3. A., Z\u00fcrich 2023<\/p>\t\t\t\t\t\n\t\t\t<!-- END .back -->\n\t\t <!-- ifb-flip-box -->\n\t <!-- flip-box -->\n\t\t\t\t\t\t\t\t\t\t\t\t<h3>Kommentierung von Art. 64-68e SchKG<\/h3>\n\t\t\t\t\t\t<p>Myriam Gehri<\/p>\t\t\t\t\t\n\t\t\t<!-- END .front -->\n\t\t\t\t\t\t<p>In: Daniel Hunkeler\u00a0(Hrsg.), Kurzkommentar Schuldbetreibungs- und Konkursgesetz, 2. Auflage, Basel 2014<\/p>\t\t\t\t\t\n\t\t\t<!-- END .back -->\n\t\t <!-- ifb-flip-box -->\n\t <!-- flip-box -->\n\t\t\t\t\t\t\t\t\t\t\t\t<h3>Swiss Laws on Civil Procedure<\/h3>\n\t\t\t\t\t\t<p>Gehri \/ Walther (Hrsg.)<\/p>\t\t\t\t\t\n\t\t\t<!-- END .front -->\n\t\t\t\t\t\t<p>Z\u00fcrich, 2010<\/p>\t\t\t\t\t\n\t\t\t<!-- END .back -->\n\t\t <!-- ifb-flip-box -->\n\t <!-- flip-box -->\n\t\t\t\t\t\t\t\t\t\t\t\t<h3>Kommentierung von Art. 15-17 Lug\u00dc<\/h3>\n\t\t\t\t\t\t<p>Myriam Gehri<\/p>\t\t\t\t\t\n\t\t\t<!-- END .front -->\n\t\t\t\t\t\t<p>in:. Oetiker \/ Weibel<br \/>(Hrsg.), Basel Kommentar Lugano \u00dcbereinkommen, 3. Auflage, Basel 2024<\/p>\t\t\t\t\t\n\t\t\t<!-- END .back -->\n\t\t <!-- ifb-flip-box -->\n\t <!-- flip-box -->\n\t\t\t\t\t\t\t\t\t\t\t\t<h3>Kommentierung von Art. 52-61 ZPO<\/h3>\n\t\t\t\t\t\t<p>Myriam Gehri<\/p>\t\t\t\t\t\n\t\t\t<!-- END .front -->\n\t\t\t\t\t\t<p>In: Sp\u00fchler \/ Tenchio \/ Infanger\u00a0(Hrsg.), Basler Kommentar Schweizerische Zivilprozessordnung, 2. A., Basel 2013N\u00e4chste Auflage 2024<\/p>\t\t\t\t\t\n\t\t\t<!-- END .back -->\n\t\t <!-- ifb-flip-box -->\n\t <!-- flip-box -->\n\t\t\t\t\t\t\t\t\t\t\t\t<h3>Die Ediktalzustellung von Betreibungs-urkunden bei Schuldnern im Ausland<\/h3>\n\t\t\t\t\t\t<p>Myriam Gehri<\/p>\t\t\t\t\t\n\t\t\t<!-- END .front -->\n\t\t\t\t\t\t<p>In: Riemer \/ Kuhn \/ Vock \/ Gehri\u00a0(Hrsg.), Schweizerisches und Internationales Zwangsvollstreckungsrecht, Festschrift f\u00fcr\u00a0Karl Sp\u00fchler, Z\u00fcrich 2005<\/p>\t\t\t\t\t\n\t\t\t<!-- END .back -->\n\t\t <!-- ifb-flip-box -->\n\t <!-- flip-box -->\n\t\t\t\t\t\t\t\t\t\t\t\t<h3>Are you ready for e-technology?<\/h3>\n\t\t\t\t\t\t<p>Myriam Gehri<\/p>\t\t\t\t\t\n\t\t\t<!-- END .front -->\n\t\t\t\t\t\t<p>In: Breitschmid \/ Jent \/ Schmid \/ Sogo<br \/>(Hrsg.), Tatsachen &#8211; Verfahren &#8211; Vollstreckung, Festschrift f\u00fcr Isaak Meier, Z\u00fcrich 2015<\/p>\t\t\t\t\t\n\t\t\t<!-- END .back -->\n\t\t <!-- ifb-flip-box -->\n\t <!-- flip-box -->\n\t\t\t\t\t\t\t\t\t\t\t\t<h3>Vertrag &#8211; quasi? Abgrenzungs-probleme und Prozessplanung nach Art. 5 Nr. 1 und 3 Lug\u00dc<\/h3>\n\t\t\t\t\t\t<p>Myriam Gehri<\/p>\t\t\t\t\t\n\t\t\t<!-- END .front -->\n\t\t\t\t\t\t<p>In: Innovatives Recht, Festschrift f\u00fcr Ivo Schwander, Z\u00fcrich \/ St. Gallen 2011<\/p>\t\t\t\t\t\n\t\t\t<!-- END .back -->\n\t\t <!-- ifb-flip-box -->\n\t <!-- flip-box -->\n\t\t\t<a href=\"https:\/\/gehrilegal.com\/en\/expertise\/\" target=\"_self\" rel=\"noopener\">\n\t\t\t\t\t\t\tOur expertise\n\t\t\t\t\t<\/a>\n\t\t\t<a href=\"https:\/\/gehrilegal.com\/en\/kanzlei\/\" target=\"_self\" rel=\"noopener\">\n\t\t\t\t\t\t\tLaw firm\n\t\t\t\t\t<\/a>\n\t\t\t<a href=\"https:\/\/gehrilegal.com\/en\/kontakt\/\" target=\"_self\" rel=\"noopener\">\n\t\t\t\t\t\t\tContact\n\t\t\t\t\t<\/a>","protected":false},"excerpt":{"rendered":"<p>Publikationen Gehrilegal Attorneys publiziert Kommentare und Aufs\u00e4tze zum Schweizer Recht, insbesondere in den Bereichen der kommerziellen Vertr\u00e4ge, der Prozessf\u00fchrung und der Vollstreckung. Die Publikationen k\u00f6nnen Sie als PDF bestellen. Schreiben Sie uns dazu gerne eine Mail an &#107;&#x6f;&#x6e;&#116;&#x61;&#x6b;t&#x40;&#x67;e&#104;&#x72;i&#108;&#x65;g&#97;&#x6c;&#46;&#99;&#x6f;m. Lehrb\u00fccher und Aufs\u00e4tze Durchsetzung des mietrechtlichen Retentionsrechts in der Praxis Myriam Gehri In: Rechtskl\u00e4rung und Rechtsdurchsetzung nach&hellip;<\/p>","protected":false},"author":1,"featured_media":0,"parent":0,"menu_order":0,"comment_status":"closed","ping_status":"closed","template":"","meta":{"inline_featured_image":false,"footnotes":""},"class_list":["post-41","page","type-page","status-publish","hentry"],"yoast_head":"<!-- This site is optimized with the Yoast SEO plugin v27.2 - https:\/\/yoast.com\/product\/yoast-seo-wordpress\/ -->\n<title>Gehrilegal Attorneys - Publikationen als PDF bestellen<\/title>\n<meta name=\"description\" content=\"Wir publizieren Kommentare und Aufs\u00e4tze in den Bereichen kommerzielle Vertr\u00e4ge, Prozessf\u00fchrung und Vollstreckung im Schweizer Recht.\" \/>\n<meta name=\"robots\" content=\"index, follow, max-snippet:-1, max-image-preview:large, max-video-preview:-1\" \/>\n<link rel=\"canonical\" href=\"https:\/\/gehrilegal.com\/en\/publikationen\/\" \/>\n<meta property=\"og:locale\" content=\"en_GB\" \/>\n<meta property=\"og:type\" content=\"article\" \/>\n<meta property=\"og:title\" content=\"Gehrilegal Attorneys - Publikationen als PDF bestellen\" \/>\n<meta property=\"og:description\" content=\"Wir publizieren Kommentare und Aufs\u00e4tze in den Bereichen kommerzielle Vertr\u00e4ge, Prozessf\u00fchrung und Vollstreckung im Schweizer Recht.\" \/>\n<meta property=\"og:url\" content=\"https:\/\/gehrilegal.com\/en\/publikationen\/\" \/>\n<meta property=\"og:site_name\" content=\"Gehrilegal Attorneys\" \/>\n<meta property=\"article:modified_time\" content=\"2024-01-15T15:52:05+00:00\" \/>\n<meta property=\"og:image\" content=\"https:\/\/gehrilegal.com\/wp-content\/uploads\/2021\/08\/Element-1.png\" \/>\n<meta name=\"twitter:card\" content=\"summary_large_image\" \/>\n<meta name=\"twitter:label1\" content=\"Estimated reading time\" \/>\n\t<meta name=\"twitter:data1\" content=\"4 minutes\" \/>\n<script type=\"application\/ld+json\" class=\"yoast-schema-graph\">{\"@context\":\"https:\/\/schema.org\",\"@graph\":[{\"@type\":\"WebPage\",\"@id\":\"https:\/\/gehrilegal.com\/publikationen\/\",\"url\":\"https:\/\/gehrilegal.com\/publikationen\/\",\"name\":\"Gehrilegal Attorneys - Publikationen als PDF bestellen\",\"isPartOf\":{\"@id\":\"https:\/\/gehrilegal.com\/#website\"},\"primaryImageOfPage\":{\"@id\":\"https:\/\/gehrilegal.com\/publikationen\/#primaryimage\"},\"image\":{\"@id\":\"https:\/\/gehrilegal.com\/publikationen\/#primaryimage\"},\"thumbnailUrl\":\"https:\/\/gehrilegal.com\/wp-content\/uploads\/2021\/08\/Element-1.png\",\"datePublished\":\"2021-02-28T10:33:13+00:00\",\"dateModified\":\"2024-01-15T15:52:05+00:00\",\"description\":\"Wir publizieren Kommentare und Aufs\u00e4tze in den Bereichen kommerzielle Vertr\u00e4ge, Prozessf\u00fchrung und Vollstreckung im Schweizer Recht.\",\"breadcrumb\":{\"@id\":\"https:\/\/gehrilegal.com\/publikationen\/#breadcrumb\"},\"inLanguage\":\"en-GB\",\"potentialAction\":[{\"@type\":\"ReadAction\",\"target\":[\"https:\/\/gehrilegal.com\/publikationen\/\"]}]},{\"@type\":\"ImageObject\",\"inLanguage\":\"en-GB\",\"@id\":\"https:\/\/gehrilegal.com\/publikationen\/#primaryimage\",\"url\":\"https:\/\/gehrilegal.com\/wp-content\/uploads\/2021\/08\/Element-1.png\",\"contentUrl\":\"https:\/\/gehrilegal.com\/wp-content\/uploads\/2021\/08\/Element-1.png\"},{\"@type\":\"BreadcrumbList\",\"@id\":\"https:\/\/gehrilegal.com\/publikationen\/#breadcrumb\",\"itemListElement\":[{\"@type\":\"ListItem\",\"position\":1,\"name\":\"Startseite\",\"item\":\"https:\/\/gehrilegal.com\/\"},{\"@type\":\"ListItem\",\"position\":2,\"name\":\"Publikationen\"}]},{\"@type\":\"WebSite\",\"@id\":\"https:\/\/gehrilegal.com\/#website\",\"url\":\"https:\/\/gehrilegal.com\/\",\"name\":\"Gehrilegal Attorneys\",\"description\":\"\",\"potentialAction\":[{\"@type\":\"SearchAction\",\"target\":{\"@type\":\"EntryPoint\",\"urlTemplate\":\"https:\/\/gehrilegal.com\/?s={search_term_string}\"},\"query-input\":{\"@type\":\"PropertyValueSpecification\",\"valueRequired\":true,\"valueName\":\"search_term_string\"}}],\"inLanguage\":\"en-GB\"}]}<\/script>\n<!-- \/ Yoast SEO plugin. -->","yoast_head_json":{"title":"Gehrilegal Attorneys - Publikationen als PDF bestellen","description":"Wir publizieren Kommentare und Aufs\u00e4tze in den Bereichen kommerzielle Vertr\u00e4ge, Prozessf\u00fchrung und Vollstreckung im Schweizer Recht.","robots":{"index":"index","follow":"follow","max-snippet":"max-snippet:-1","max-image-preview":"max-image-preview:large","max-video-preview":"max-video-preview:-1"},"canonical":"https:\/\/gehrilegal.com\/en\/publikationen\/","og_locale":"en_GB","og_type":"article","og_title":"Gehrilegal Attorneys - Publikationen als PDF bestellen","og_description":"Wir publizieren Kommentare und Aufs\u00e4tze in den Bereichen kommerzielle Vertr\u00e4ge, Prozessf\u00fchrung und Vollstreckung im Schweizer Recht.","og_url":"https:\/\/gehrilegal.com\/en\/publikationen\/","og_site_name":"Gehrilegal Attorneys","article_modified_time":"2024-01-15T15:52:05+00:00","og_image":[{"url":"https:\/\/gehrilegal.com\/wp-content\/uploads\/2021\/08\/Element-1.png","type":"","width":"","height":""}],"twitter_card":"summary_large_image","twitter_misc":{"Estimated reading time":"4 minutes"},"schema":{"@context":"https:\/\/schema.org","@graph":[{"@type":"WebPage","@id":"https:\/\/gehrilegal.com\/publikationen\/","url":"https:\/\/gehrilegal.com\/publikationen\/","name":"Gehrilegal Attorneys - Publikationen als PDF bestellen","isPartOf":{"@id":"https:\/\/gehrilegal.com\/#website"},"primaryImageOfPage":{"@id":"https:\/\/gehrilegal.com\/publikationen\/#primaryimage"},"image":{"@id":"https:\/\/gehrilegal.com\/publikationen\/#primaryimage"},"thumbnailUrl":"https:\/\/gehrilegal.com\/wp-content\/uploads\/2021\/08\/Element-1.png","datePublished":"2021-02-28T10:33:13+00:00","dateModified":"2024-01-15T15:52:05+00:00","description":"Wir publizieren Kommentare und Aufs\u00e4tze in den Bereichen kommerzielle Vertr\u00e4ge, Prozessf\u00fchrung und Vollstreckung im Schweizer Recht.","breadcrumb":{"@id":"https:\/\/gehrilegal.com\/publikationen\/#breadcrumb"},"inLanguage":"en-GB","potentialAction":[{"@type":"ReadAction","target":["https:\/\/gehrilegal.com\/publikationen\/"]}]},{"@type":"ImageObject","inLanguage":"en-GB","@id":"https:\/\/gehrilegal.com\/publikationen\/#primaryimage","url":"https:\/\/gehrilegal.com\/wp-content\/uploads\/2021\/08\/Element-1.png","contentUrl":"https:\/\/gehrilegal.com\/wp-content\/uploads\/2021\/08\/Element-1.png"},{"@type":"BreadcrumbList","@id":"https:\/\/gehrilegal.com\/publikationen\/#breadcrumb","itemListElement":[{"@type":"ListItem","position":1,"name":"Startseite","item":"https:\/\/gehrilegal.com\/"},{"@type":"ListItem","position":2,"name":"Publikationen"}]},{"@type":"WebSite","@id":"https:\/\/gehrilegal.com\/#website","url":"https:\/\/gehrilegal.com\/","name":"Gehrilegal Attorneys","description":"","potentialAction":[{"@type":"SearchAction","target":{"@type":"EntryPoint","urlTemplate":"https:\/\/gehrilegal.com\/?s={search_term_string}"},"query-input":{"@type":"PropertyValueSpecification","valueRequired":true,"valueName":"search_term_string"}}],"inLanguage":"en-GB"}]}},"_links":{"self":[{"href":"https:\/\/gehrilegal.com\/en\/wp-json\/wp\/v2\/pages\/41","targetHints":{"allow":["GET"]}}],"collection":[{"href":"https:\/\/gehrilegal.com\/en\/wp-json\/wp\/v2\/pages"}],"about":[{"href":"https:\/\/gehrilegal.com\/en\/wp-json\/wp\/v2\/types\/page"}],"author":[{"embeddable":true,"href":"https:\/\/gehrilegal.com\/en\/wp-json\/wp\/v2\/users\/1"}],"replies":[{"embeddable":true,"href":"https:\/\/gehrilegal.com\/en\/wp-json\/wp\/v2\/comments?post=41"}],"version-history":[{"count":65,"href":"https:\/\/gehrilegal.com\/en\/wp-json\/wp\/v2\/pages\/41\/revisions"}],"predecessor-version":[{"id":1094,"href":"https:\/\/gehrilegal.com\/en\/wp-json\/wp\/v2\/pages\/41\/revisions\/1094"}],"wp:attachment":[{"href":"https:\/\/gehrilegal.com\/en\/wp-json\/wp\/v2\/media?parent=41"}],"curies":[{"name":"wp","href":"https:\/\/api.w.org\/{rel}","templated":true}]}}