{"id":38,"date":"2021-02-28T11:32:52","date_gmt":"2021-02-28T10:32:52","guid":{"rendered":"https:\/\/gehrilegal.com\/?page_id=38"},"modified":"2022-10-10T14:44:33","modified_gmt":"2022-10-10T12:44:33","slug":"expertise","status":"publish","type":"page","link":"https:\/\/gehrilegal.com\/en\/expertise\/","title":{"rendered":"Expertise"},"content":{"rendered":"<h1>\n\t\tOur expertise\n\t<\/h1>\n\t<p>Gehrilegal Attorneys is a boutique law firm in Zurich specialising in commercial and business law. In addition to commercial contracts, civil litigation and enforcement are further focal points of our services. Our strengths include worldwide networking and many years of judicial experience.<\/p>\n<p>We focus on the supply and transport, information technology and telecommunication, purchasing and procurement, and life science sectors.<\/p>\n<h2>\n\t\tLegal fields at a glance\n\t<\/h2>\n\t\t\t<h3>Contracts<\/h3>\t\t\t\n\t\t\t\t<p>A well negotiated contract leaves no room for different interpretation or application by the parties. Save yourself disputes and court costs by seeking legal assistance from the outset.\u00a0<\/p>\n\t\t\t<a href=\"https:\/\/gehrilegal.com\/en\/vertragswesen\/\" target=\"_self\" role=\"button\" aria-label=\"Details contracting\" rel=\"noopener\">\n\t\t\t\t\t\t\tDetails contracting\n\t\t<\/a>\n\t\t\t<h3>Civil Procedure Law<\/h3>\t\t\t\n\t\t\t\t<p>Disputes have already arisen from one contract. The task now is to find an amicable solution. If the other party is not willing to negotiate a settlement, a professionally prepared civil case usually leads to success.<\/p>\n\t\t\t<a href=\"https:\/\/gehrilegal.com\/en\/zivilprozessrecht\/\" target=\"_self\" role=\"button\" aria-label=\"Details civil procedure law\" rel=\"noopener\">\n\t\t\t\t\t\t\tDetails civil procedure law\n\t\t<\/a>\n\t\t\t<h3>Enforcement<\/h3>\t\t\t\n\t\t\t\t<p>Not every civil case that is won leads to successful enforcement. In many cases, legal tricks are used to avoid enforcement. Therefore, the relevant points must be secured in advance.<\/p>\n\t\t\t<a href=\"https:\/\/gehrilegal.com\/en\/vollstreckung\/\" target=\"_self\" role=\"button\" aria-label=\"Details enforcement\" rel=\"noopener\">\n\t\t\t\t\t\t\tDetails enforcement\n\t\t<\/a>\n<h2>\n\t\tIndustry-specific services\n\t<\/h2>\n\t\t\t\t\t\t\t\t\t\t\t\t<h4>Lieferung &#038; Transport<\/h4>\n\t\t\t<!-- END .front -->\n\t\t\t\t\t\t<ul><li>Logistics<\/li><li>Transshipment<\/li><li>Commodity sourcing &amp; hedging<\/li><\/ul>\t\t\t\t\t\n\t\t\t<!-- END .back -->\n\t\t <!-- ifb-flip-box -->\n\t <!-- flip-box -->\n\t\t\t\t\t\t\t\t\t\t\t\t<h4>Information &#038; Telekommunikation<\/h4>\n\t\t\t<!-- END .front -->\n\t\t\t\t\t\t<ul><li>Framework agreements<\/li><li>Licence contracts<\/li><li>Technology transfer<\/li><li>Internet &amp; cloud<\/li><\/ul>\t\t\t\t\t\n\t\t\t<!-- END .back -->\n\t\t <!-- ifb-flip-box -->\n\t <!-- flip-box -->\n\t\t\t\t\t\t\t\t\t\t\t\t<h4>Einkauf &#038; Beschaffung<\/h4>\n\t\t\t<!-- END .front -->\n\t\t\t\t\t\t<ul><li>Manufacturer due diligence &amp; compliance<\/li><li>Supply chain<\/li><li>Prototype and pilot series<\/li><li>Research and development<\/li><li>EPC &amp; EPCM<\/li><li>Workbench<\/li><li>PCBA<\/li><li>Production and delivery<\/li><\/ul>\t\t\t\t\t\n\t\t\t<!-- END .back -->\n\t\t <!-- ifb-flip-box -->\n\t <!-- flip-box -->\n\t\t\t\t\t\t\t\t\t\t\t\t<h4>Life Science<\/h4>\n\t\t\t<!-- END .front -->\n\t\t\t\t\t\t<ul><li>Clinical studies (CTA)<\/li><li>Material Transfer (MTA)<\/li><li>Non-disclosure (CDA, NDA)<\/li><li>Know-how<\/li><\/ul>\t\t\t\t\t\n\t\t\t<!-- END .back -->\n\t\t <!-- ifb-flip-box -->\n\t <!-- flip-box -->","protected":false},"excerpt":{"rendered":"<p>Unsere Expertise Gehrilegal Attorneys ist eine Boutique Anwaltskanzlei in Z\u00fcrich, die sich spezialisiert hat auf Handels- und Wirtschaftsrecht. Neben kommerziellen Vertr\u00e4gen bilden Zivilprozessrecht und Vollstreckung weitere Schwerpunkte unseres Angebotes. Zu unseren St\u00e4rken z\u00e4hlen weltweite Vernetzung und langj\u00e4hrige richterliche Erfahrung. Wir konzentrieren uns auf die Branchen Lieferung und Transport, Information und Telekommunikation, Einkauf und Beschaffung sowie&hellip;<\/p>","protected":false},"author":1,"featured_media":0,"parent":0,"menu_order":0,"comment_status":"closed","ping_status":"closed","template":"","meta":{"inline_featured_image":false,"footnotes":""},"class_list":["post-38","page","type-page","status-publish","hentry"],"yoast_head":"<!-- This site is optimized with the Yoast SEO plugin v27.2 - https:\/\/yoast.com\/product\/yoast-seo-wordpress\/ -->\n<title>Unsere Expertise: Vertragswesen, Zivilprozessrecht und Vollstreckung<\/title>\n<meta name=\"description\" content=\"Gehrilegal Attorneys ist eine Boutique Anwaltskanzlei in Z\u00fcrich. Wir sind weltweit vernetzt und haben langj\u00e4hrige richterliche Erfahrung.\" \/>\n<meta name=\"robots\" content=\"index, follow, max-snippet:-1, max-image-preview:large, max-video-preview:-1\" \/>\n<link rel=\"canonical\" href=\"https:\/\/gehrilegal.com\/en\/expertise\/\" \/>\n<meta property=\"og:locale\" content=\"en_GB\" \/>\n<meta property=\"og:type\" content=\"article\" \/>\n<meta property=\"og:title\" content=\"Unsere Expertise: Vertragswesen, Zivilprozessrecht und Vollstreckung\" \/>\n<meta property=\"og:description\" content=\"Gehrilegal Attorneys ist eine Boutique Anwaltskanzlei in Z\u00fcrich. Wir sind weltweit vernetzt und haben langj\u00e4hrige richterliche Erfahrung.\" \/>\n<meta property=\"og:url\" content=\"https:\/\/gehrilegal.com\/en\/expertise\/\" \/>\n<meta property=\"og:site_name\" content=\"Gehrilegal Attorneys\" \/>\n<meta property=\"article:modified_time\" content=\"2022-10-10T12:44:33+00:00\" \/>\n<meta name=\"twitter:card\" content=\"summary_large_image\" \/>\n<meta name=\"twitter:label1\" content=\"Estimated reading time\" \/>\n\t<meta name=\"twitter:data1\" content=\"1 minute\" \/>\n<script type=\"application\/ld+json\" class=\"yoast-schema-graph\">{\"@context\":\"https:\/\/schema.org\",\"@graph\":[{\"@type\":\"WebPage\",\"@id\":\"https:\/\/gehrilegal.com\/expertise\/\",\"url\":\"https:\/\/gehrilegal.com\/expertise\/\",\"name\":\"Unsere Expertise: Vertragswesen, Zivilprozessrecht und Vollstreckung\",\"isPartOf\":{\"@id\":\"https:\/\/gehrilegal.com\/#website\"},\"datePublished\":\"2021-02-28T10:32:52+00:00\",\"dateModified\":\"2022-10-10T12:44:33+00:00\",\"description\":\"Gehrilegal Attorneys ist eine Boutique Anwaltskanzlei in Z\u00fcrich. Wir sind weltweit vernetzt und haben langj\u00e4hrige richterliche Erfahrung.\",\"breadcrumb\":{\"@id\":\"https:\/\/gehrilegal.com\/expertise\/#breadcrumb\"},\"inLanguage\":\"en-GB\",\"potentialAction\":[{\"@type\":\"ReadAction\",\"target\":[\"https:\/\/gehrilegal.com\/expertise\/\"]}]},{\"@type\":\"BreadcrumbList\",\"@id\":\"https:\/\/gehrilegal.com\/expertise\/#breadcrumb\",\"itemListElement\":[{\"@type\":\"ListItem\",\"position\":1,\"name\":\"Startseite\",\"item\":\"https:\/\/gehrilegal.com\/\"},{\"@type\":\"ListItem\",\"position\":2,\"name\":\"Expertise\"}]},{\"@type\":\"WebSite\",\"@id\":\"https:\/\/gehrilegal.com\/#website\",\"url\":\"https:\/\/gehrilegal.com\/\",\"name\":\"Gehrilegal Attorneys\",\"description\":\"\",\"potentialAction\":[{\"@type\":\"SearchAction\",\"target\":{\"@type\":\"EntryPoint\",\"urlTemplate\":\"https:\/\/gehrilegal.com\/?s={search_term_string}\"},\"query-input\":{\"@type\":\"PropertyValueSpecification\",\"valueRequired\":true,\"valueName\":\"search_term_string\"}}],\"inLanguage\":\"en-GB\"}]}<\/script>\n<!-- \/ Yoast SEO plugin. -->","yoast_head_json":{"title":"Unsere Expertise: Vertragswesen, Zivilprozessrecht und Vollstreckung","description":"Gehrilegal Attorneys ist eine Boutique Anwaltskanzlei in Z\u00fcrich. Wir sind weltweit vernetzt und haben langj\u00e4hrige richterliche Erfahrung.","robots":{"index":"index","follow":"follow","max-snippet":"max-snippet:-1","max-image-preview":"max-image-preview:large","max-video-preview":"max-video-preview:-1"},"canonical":"https:\/\/gehrilegal.com\/en\/expertise\/","og_locale":"en_GB","og_type":"article","og_title":"Unsere Expertise: Vertragswesen, Zivilprozessrecht und Vollstreckung","og_description":"Gehrilegal Attorneys ist eine Boutique Anwaltskanzlei in Z\u00fcrich. Wir sind weltweit vernetzt und haben langj\u00e4hrige richterliche Erfahrung.","og_url":"https:\/\/gehrilegal.com\/en\/expertise\/","og_site_name":"Gehrilegal Attorneys","article_modified_time":"2022-10-10T12:44:33+00:00","twitter_card":"summary_large_image","twitter_misc":{"Estimated reading time":"1 minute"},"schema":{"@context":"https:\/\/schema.org","@graph":[{"@type":"WebPage","@id":"https:\/\/gehrilegal.com\/expertise\/","url":"https:\/\/gehrilegal.com\/expertise\/","name":"Unsere Expertise: Vertragswesen, Zivilprozessrecht und Vollstreckung","isPartOf":{"@id":"https:\/\/gehrilegal.com\/#website"},"datePublished":"2021-02-28T10:32:52+00:00","dateModified":"2022-10-10T12:44:33+00:00","description":"Gehrilegal Attorneys ist eine Boutique Anwaltskanzlei in Z\u00fcrich. Wir sind weltweit vernetzt und haben langj\u00e4hrige richterliche Erfahrung.","breadcrumb":{"@id":"https:\/\/gehrilegal.com\/expertise\/#breadcrumb"},"inLanguage":"en-GB","potentialAction":[{"@type":"ReadAction","target":["https:\/\/gehrilegal.com\/expertise\/"]}]},{"@type":"BreadcrumbList","@id":"https:\/\/gehrilegal.com\/expertise\/#breadcrumb","itemListElement":[{"@type":"ListItem","position":1,"name":"Startseite","item":"https:\/\/gehrilegal.com\/"},{"@type":"ListItem","position":2,"name":"Expertise"}]},{"@type":"WebSite","@id":"https:\/\/gehrilegal.com\/#website","url":"https:\/\/gehrilegal.com\/","name":"Gehrilegal Attorneys","description":"","potentialAction":[{"@type":"SearchAction","target":{"@type":"EntryPoint","urlTemplate":"https:\/\/gehrilegal.com\/?s={search_term_string}"},"query-input":{"@type":"PropertyValueSpecification","valueRequired":true,"valueName":"search_term_string"}}],"inLanguage":"en-GB"}]}},"_links":{"self":[{"href":"https:\/\/gehrilegal.com\/en\/wp-json\/wp\/v2\/pages\/38","targetHints":{"allow":["GET"]}}],"collection":[{"href":"https:\/\/gehrilegal.com\/en\/wp-json\/wp\/v2\/pages"}],"about":[{"href":"https:\/\/gehrilegal.com\/en\/wp-json\/wp\/v2\/types\/page"}],"author":[{"embeddable":true,"href":"https:\/\/gehrilegal.com\/en\/wp-json\/wp\/v2\/users\/1"}],"replies":[{"embeddable":true,"href":"https:\/\/gehrilegal.com\/en\/wp-json\/wp\/v2\/comments?post=38"}],"version-history":[{"count":167,"href":"https:\/\/gehrilegal.com\/en\/wp-json\/wp\/v2\/pages\/38\/revisions"}],"predecessor-version":[{"id":1015,"href":"https:\/\/gehrilegal.com\/en\/wp-json\/wp\/v2\/pages\/38\/revisions\/1015"}],"wp:attachment":[{"href":"https:\/\/gehrilegal.com\/en\/wp-json\/wp\/v2\/media?parent=38"}],"curies":[{"name":"wp","href":"https:\/\/api.w.org\/{rel}","templated":true}]}}