{"id":35,"date":"2021-02-28T11:32:30","date_gmt":"2021-02-28T10:32:30","guid":{"rendered":"https:\/\/gehrilegal.com\/?page_id=35"},"modified":"2026-03-23T13:22:55","modified_gmt":"2026-03-23T12:22:55","slug":"kontakt","status":"publish","type":"page","link":"https:\/\/gehrilegal.com\/en\/kontakt\/","title":{"rendered":"Contact"},"content":{"rendered":"<h1>\n\t\t\tContact\t<\/h1>\n\t<p>Send us your enquiry by email and we will get back to you quickly. Alternatively, you can also contact us by phone:<\/p>\nMail: <a href=\"\/en\/m&\/#97;&#105;&#x6c;&#x74;o&#58;&#107;&#x6f;&#x6e;&#x74;a&#107;&#116;&#x40;&#x67;eh&#114;&#x69;&#x6c;&#x65;g&#97;&#108;&#x2e;&#x63;om\">kon&#116;&#97;&#107;&#116;&#x40;&#x67;&#x65;&#x68;&#x72;&#x69;&#x6c;ega&#108;&#46;&#99;&#111;&#109;<\/a><br \/>\nPhone: +41 43 268 92 04<br \/>\nFax: +41 44 261 02 76\n<h2>\n\t\t\tAddress\t<\/h2>\n\tAlte Landstrasse 74<br \/>\n8702 Zollikon\n\t<p><a href=\"https:\/\/maps.app.goo.gl\/sowASXLm9DwrHWTKA\">Open in Google maps<\/a><\/p>\n\t<p>Visitor parking is available directly in front of the building.<\/p>\n\t\t\t\t\t\t\t\t\t<img loading=\"lazy\" decoding=\"async\" src=\"https:\/\/gehrilegal.com\/wp-content\/uploads\/bb-plugin\/cache\/treppenhaus-scaled-square.jpg\" alt=\"Treppenhaus Kanzlei Gehrilegal\" itemprop=\"image\" height=\"1920\" width=\"2560\" title=\"gehrilegal-attorneys-kontakt\" onerror=\"this.style.display='none'\"  \/>\n\t<p>Gehrilegal Attorneys is located on the 2nd floor.<\/p>\n\t\t\t<a href=\"https:\/\/gehrilegal.com\/en\/expertise\/\"  target=\"_self\">\n\t\t\t\t\t\t\tOur expertise\n\t\t\t\t\t<\/a>\n\t\t\t<a href=\"https:\/\/gehrilegal.com\/en\/kanzlei\/\"  target=\"_self\">\n\t\t\t\t\t\t\tMore about us\n\t\t\t\t\t<\/a>\n\t\t\t<a href=\"https:\/\/gehrilegal.com\/en\/publikationen\/\"  target=\"_self\">\n\t\t\t\t\t\t\tPublications\n\t\t\t\t\t<\/a>","protected":false},"excerpt":{"rendered":"<p>Kontakt Senden Sie uns Ihre Anfrage per E-Mail, wir werden uns rasch bei Ihnen melden. Alternativ k\u00f6nnen Sie uns auch gerne telefonisch kontaktieren: Mail: &#x6b;&#x6f;&#110;&#116;ak&#x74;&#x40;&#x67;&#101;hr&#x69;&#x6c;&#x65;&#103;&#97;l&#x2e;&#x63;&#x6f;&#109; Tel: +41 43 268 92 04 Fax: +41 44 261 02 76 Adresse Alte Landstrasse 74 8702 Zollikon In Google Maps \u00f6ffnen Besucherparkpl\u00e4tze stehen Ihnen direkt vor dem Geb\u00e4ude zur&hellip;<\/p>","protected":false},"author":1,"featured_media":0,"parent":0,"menu_order":0,"comment_status":"closed","ping_status":"closed","template":"","meta":{"inline_featured_image":false,"footnotes":""},"class_list":["post-35","page","type-page","status-publish","hentry"],"yoast_head":"<!-- This site is optimized with the Yoast SEO plugin v27.2 - https:\/\/yoast.com\/product\/yoast-seo-wordpress\/ -->\n<title>Gehrilegal Attorneys - Kontakt<\/title>\n<meta name=\"description\" content=\"Was k\u00f6nnen wir f\u00fcr Sie tun? Kontaktieren Sie uns \u00fcber kontakt@gehrilegal.com oder gerne auch telefonisch unter +41 43 268 92 04\" \/>\n<meta name=\"robots\" content=\"index, follow, max-snippet:-1, max-image-preview:large, max-video-preview:-1\" \/>\n<link rel=\"canonical\" href=\"https:\/\/gehrilegal.com\/en\/kontakt\/\" \/>\n<meta property=\"og:locale\" content=\"en_GB\" \/>\n<meta property=\"og:type\" content=\"article\" \/>\n<meta property=\"og:title\" content=\"Gehrilegal Attorneys - Kontakt\" \/>\n<meta property=\"og:description\" content=\"Was k\u00f6nnen wir f\u00fcr Sie tun? Kontaktieren Sie uns \u00fcber kontakt@gehrilegal.com oder gerne auch telefonisch unter +41 43 268 92 04\" \/>\n<meta property=\"og:url\" content=\"https:\/\/gehrilegal.com\/en\/kontakt\/\" \/>\n<meta property=\"og:site_name\" content=\"Gehrilegal Attorneys\" \/>\n<meta property=\"article:modified_time\" content=\"2026-03-23T12:22:55+00:00\" \/>\n<meta property=\"og:image\" content=\"https:\/\/gehrilegal.com\/wp-content\/uploads\/bb-plugin\/cache\/treppenhaus-scaled-square.jpg\" \/>\n<meta name=\"twitter:card\" content=\"summary_large_image\" \/>\n<meta name=\"twitter:label1\" content=\"Estimated reading time\" \/>\n\t<meta name=\"twitter:data1\" content=\"1 minute\" \/>\n<script type=\"application\/ld+json\" class=\"yoast-schema-graph\">{\"@context\":\"https:\/\/schema.org\",\"@graph\":[{\"@type\":\"WebPage\",\"@id\":\"https:\/\/gehrilegal.com\/kontakt\/\",\"url\":\"https:\/\/gehrilegal.com\/kontakt\/\",\"name\":\"Gehrilegal Attorneys - Kontakt\",\"isPartOf\":{\"@id\":\"https:\/\/gehrilegal.com\/#website\"},\"primaryImageOfPage\":{\"@id\":\"https:\/\/gehrilegal.com\/kontakt\/#primaryimage\"},\"image\":{\"@id\":\"https:\/\/gehrilegal.com\/kontakt\/#primaryimage\"},\"thumbnailUrl\":\"https:\/\/gehrilegal.com\/wp-content\/uploads\/bb-plugin\/cache\/treppenhaus-scaled-square.jpg\",\"datePublished\":\"2021-02-28T10:32:30+00:00\",\"dateModified\":\"2026-03-23T12:22:55+00:00\",\"description\":\"Was k\u00f6nnen wir f\u00fcr Sie tun? Kontaktieren Sie uns \u00fcber kontakt@gehrilegal.com oder gerne auch telefonisch unter +41 43 268 92 04\",\"breadcrumb\":{\"@id\":\"https:\/\/gehrilegal.com\/kontakt\/#breadcrumb\"},\"inLanguage\":\"en-GB\",\"potentialAction\":[{\"@type\":\"ReadAction\",\"target\":[\"https:\/\/gehrilegal.com\/kontakt\/\"]}]},{\"@type\":\"ImageObject\",\"inLanguage\":\"en-GB\",\"@id\":\"https:\/\/gehrilegal.com\/kontakt\/#primaryimage\",\"url\":\"https:\/\/gehrilegal.com\/wp-content\/uploads\/bb-plugin\/cache\/treppenhaus-scaled-square.jpg\",\"contentUrl\":\"https:\/\/gehrilegal.com\/wp-content\/uploads\/bb-plugin\/cache\/treppenhaus-scaled-square.jpg\"},{\"@type\":\"BreadcrumbList\",\"@id\":\"https:\/\/gehrilegal.com\/kontakt\/#breadcrumb\",\"itemListElement\":[{\"@type\":\"ListItem\",\"position\":1,\"name\":\"Startseite\",\"item\":\"https:\/\/gehrilegal.com\/\"},{\"@type\":\"ListItem\",\"position\":2,\"name\":\"Kontakt\"}]},{\"@type\":\"WebSite\",\"@id\":\"https:\/\/gehrilegal.com\/#website\",\"url\":\"https:\/\/gehrilegal.com\/\",\"name\":\"Gehrilegal Attorneys\",\"description\":\"\",\"potentialAction\":[{\"@type\":\"SearchAction\",\"target\":{\"@type\":\"EntryPoint\",\"urlTemplate\":\"https:\/\/gehrilegal.com\/?s={search_term_string}\"},\"query-input\":{\"@type\":\"PropertyValueSpecification\",\"valueRequired\":true,\"valueName\":\"search_term_string\"}}],\"inLanguage\":\"en-GB\"}]}<\/script>\n<!-- \/ Yoast SEO plugin. -->","yoast_head_json":{"title":"Gehrilegal Attorneys - Kontakt","description":"Was k\u00f6nnen wir f\u00fcr Sie tun? Kontaktieren Sie uns \u00fcber kontakt@gehrilegal.com oder gerne auch telefonisch unter +41 43 268 92 04","robots":{"index":"index","follow":"follow","max-snippet":"max-snippet:-1","max-image-preview":"max-image-preview:large","max-video-preview":"max-video-preview:-1"},"canonical":"https:\/\/gehrilegal.com\/en\/kontakt\/","og_locale":"en_GB","og_type":"article","og_title":"Gehrilegal Attorneys - Kontakt","og_description":"Was k\u00f6nnen wir f\u00fcr Sie tun? Kontaktieren Sie uns \u00fcber kontakt@gehrilegal.com oder gerne auch telefonisch unter +41 43 268 92 04","og_url":"https:\/\/gehrilegal.com\/en\/kontakt\/","og_site_name":"Gehrilegal Attorneys","article_modified_time":"2026-03-23T12:22:55+00:00","og_image":[{"url":"https:\/\/gehrilegal.com\/wp-content\/uploads\/bb-plugin\/cache\/treppenhaus-scaled-square.jpg","type":"","width":"","height":""}],"twitter_card":"summary_large_image","twitter_misc":{"Estimated reading time":"1 minute"},"schema":{"@context":"https:\/\/schema.org","@graph":[{"@type":"WebPage","@id":"https:\/\/gehrilegal.com\/kontakt\/","url":"https:\/\/gehrilegal.com\/kontakt\/","name":"Gehrilegal Attorneys - Kontakt","isPartOf":{"@id":"https:\/\/gehrilegal.com\/#website"},"primaryImageOfPage":{"@id":"https:\/\/gehrilegal.com\/kontakt\/#primaryimage"},"image":{"@id":"https:\/\/gehrilegal.com\/kontakt\/#primaryimage"},"thumbnailUrl":"https:\/\/gehrilegal.com\/wp-content\/uploads\/bb-plugin\/cache\/treppenhaus-scaled-square.jpg","datePublished":"2021-02-28T10:32:30+00:00","dateModified":"2026-03-23T12:22:55+00:00","description":"Was k\u00f6nnen wir f\u00fcr Sie tun? Kontaktieren Sie uns \u00fcber kontakt@gehrilegal.com oder gerne auch telefonisch unter +41 43 268 92 04","breadcrumb":{"@id":"https:\/\/gehrilegal.com\/kontakt\/#breadcrumb"},"inLanguage":"en-GB","potentialAction":[{"@type":"ReadAction","target":["https:\/\/gehrilegal.com\/kontakt\/"]}]},{"@type":"ImageObject","inLanguage":"en-GB","@id":"https:\/\/gehrilegal.com\/kontakt\/#primaryimage","url":"https:\/\/gehrilegal.com\/wp-content\/uploads\/bb-plugin\/cache\/treppenhaus-scaled-square.jpg","contentUrl":"https:\/\/gehrilegal.com\/wp-content\/uploads\/bb-plugin\/cache\/treppenhaus-scaled-square.jpg"},{"@type":"BreadcrumbList","@id":"https:\/\/gehrilegal.com\/kontakt\/#breadcrumb","itemListElement":[{"@type":"ListItem","position":1,"name":"Startseite","item":"https:\/\/gehrilegal.com\/"},{"@type":"ListItem","position":2,"name":"Kontakt"}]},{"@type":"WebSite","@id":"https:\/\/gehrilegal.com\/#website","url":"https:\/\/gehrilegal.com\/","name":"Gehrilegal Attorneys","description":"","potentialAction":[{"@type":"SearchAction","target":{"@type":"EntryPoint","urlTemplate":"https:\/\/gehrilegal.com\/?s={search_term_string}"},"query-input":{"@type":"PropertyValueSpecification","valueRequired":true,"valueName":"search_term_string"}}],"inLanguage":"en-GB"}]}},"_links":{"self":[{"href":"https:\/\/gehrilegal.com\/en\/wp-json\/wp\/v2\/pages\/35","targetHints":{"allow":["GET"]}}],"collection":[{"href":"https:\/\/gehrilegal.com\/en\/wp-json\/wp\/v2\/pages"}],"about":[{"href":"https:\/\/gehrilegal.com\/en\/wp-json\/wp\/v2\/types\/page"}],"author":[{"embeddable":true,"href":"https:\/\/gehrilegal.com\/en\/wp-json\/wp\/v2\/users\/1"}],"replies":[{"embeddable":true,"href":"https:\/\/gehrilegal.com\/en\/wp-json\/wp\/v2\/comments?post=35"}],"version-history":[{"count":76,"href":"https:\/\/gehrilegal.com\/en\/wp-json\/wp\/v2\/pages\/35\/revisions"}],"predecessor-version":[{"id":1153,"href":"https:\/\/gehrilegal.com\/en\/wp-json\/wp\/v2\/pages\/35\/revisions\/1153"}],"wp:attachment":[{"href":"https:\/\/gehrilegal.com\/en\/wp-json\/wp\/v2\/media?parent=35"}],"curies":[{"name":"wp","href":"https:\/\/api.w.org\/{rel}","templated":true}]}}