{"id":127,"date":"2021-03-03T16:45:48","date_gmt":"2021-03-03T15:45:48","guid":{"rendered":"https:\/\/gehrilegal.com\/?page_id=127"},"modified":"2022-10-11T09:14:34","modified_gmt":"2022-10-11T07:14:34","slug":"rechtliche-hinweise","status":"publish","type":"page","link":"https:\/\/gehrilegal.com\/en\/rechtliche-hinweise\/","title":{"rendered":"Legal notice"},"content":{"rendered":"<h1>\n\t\tLegal notice\n\t<\/h1>\n<h2>\n\t\tTerms of use\n\t<\/h2>\n\t<p>This website is operated by Gehrilegal Attorneys, Dr. Myriam Gehri, Zollikon.<\/p>\n<p>The content of this website is intended for information purposes only. It does not constitute legal advice. Any liability for potential damages resulting from the use of this website or the information provided on this website is excluded. In particular, we do not assume any liability for the timeliness, completeness or accuracy of the information provided. Any liability for links to websites of third parties and the content of such third party websites is also excluded.<\/p>\n<p>Neither the transmission of information from this website nor the retrieval of such information does establish an attorney-client relationship between the recipient and Gehrilegal Attorneys, Dr. Myriam Gehri.<\/p>\n<p>E-mails may not be delivered or not delivered on time. We thus kindly ask you to send us urgent or important messages by regular post (with proof of receipt) or by courier. If you use e-mails, we recommend that you ask the recipient for an acknowledgement of receipt. In case of doubt you should contact the intended recipient by telephone.<\/p>\n<p>Sofern nicht anderweitig vermerkt, liegen die Rechte an s\u00e4mtlichen Inhalten (Bildern, Texten, Marken, etc.), die auf dieser Webseite verwendet werden, bei&nbsp;Gehrilegal Attorneys, Dr. Myriam Gehri. Deren Verwendung ohne die ausdr\u00fcckliche vorg\u00e4ngige Zustimmung von Gehrilegal Attorneys, Dr. Myriam Gehri ist untersagt. Auch das automatisierte vollst\u00e4ndige oder teilweise Abrufen oder Darstellen von Inhalten dieser Webseite mittels technischer Hilfsmittel (wie Webcrawler-\/Spider-Programme, Metasuchmaschinen, Framing) ist untersagt.<\/p>","protected":false},"excerpt":{"rendered":"<p>Rechtliche Hinweise Nutzungsbedingungen Diese Webseite wird von Gehrilegal Attorneys, Dr. Myriam Gehri mit Sitz in Zollikon betrieben. Die auf dieser Webseite abrufbaren Inhalte dienen nur der Information. Sie stellen keine Rechtsberatung dar. Jegliche Haftung f\u00fcr allf\u00e4llige Sch\u00e4den, die aus dem Gebrauch der Webseite oder von darauf abrufbaren Informationen entstehen, wird ausgeschlossen. Insbesondere wird keine Haftung&hellip;<\/p>","protected":false},"author":1,"featured_media":0,"parent":0,"menu_order":0,"comment_status":"closed","ping_status":"closed","template":"","meta":{"inline_featured_image":false,"footnotes":""},"class_list":["post-127","page","type-page","status-publish","hentry"],"yoast_head":"<!-- This site is optimized with the Yoast SEO plugin v27.2 - https:\/\/yoast.com\/product\/yoast-seo-wordpress\/ -->\n<title>Gehrilegal Attorneys - Rechtliche Hinweise<\/title>\n<meta name=\"description\" content=\"Die auf dieser Webseite abrufbaren Inhalte dienen nur der Information. Sie stellen keine Rechtsberatung dar.\" \/>\n<meta name=\"robots\" content=\"noindex, follow\" \/>\n<meta property=\"og:locale\" content=\"en_GB\" \/>\n<meta property=\"og:type\" content=\"article\" \/>\n<meta property=\"og:title\" content=\"Gehrilegal Attorneys - Rechtliche Hinweise\" \/>\n<meta property=\"og:description\" content=\"Die auf dieser Webseite abrufbaren Inhalte dienen nur der Information. Sie stellen keine Rechtsberatung dar.\" \/>\n<meta property=\"og:url\" content=\"https:\/\/gehrilegal.com\/en\/rechtliche-hinweise\/\" \/>\n<meta property=\"og:site_name\" content=\"Gehrilegal Attorneys\" \/>\n<meta property=\"article:modified_time\" content=\"2022-10-11T07:14:34+00:00\" \/>\n<meta name=\"twitter:card\" content=\"summary_large_image\" \/>\n<meta name=\"twitter:label1\" content=\"Estimated reading time\" \/>\n\t<meta name=\"twitter:data1\" content=\"2 minutes\" \/>\n<script type=\"application\/ld+json\" class=\"yoast-schema-graph\">{\"@context\":\"https:\/\/schema.org\",\"@graph\":[{\"@type\":\"WebPage\",\"@id\":\"https:\/\/gehrilegal.com\/rechtliche-hinweise\/\",\"url\":\"https:\/\/gehrilegal.com\/rechtliche-hinweise\/\",\"name\":\"Gehrilegal Attorneys - Rechtliche Hinweise\",\"isPartOf\":{\"@id\":\"https:\/\/gehrilegal.com\/#website\"},\"datePublished\":\"2021-03-03T15:45:48+00:00\",\"dateModified\":\"2022-10-11T07:14:34+00:00\",\"description\":\"Die auf dieser Webseite abrufbaren Inhalte dienen nur der Information. Sie stellen keine Rechtsberatung dar.\",\"breadcrumb\":{\"@id\":\"https:\/\/gehrilegal.com\/rechtliche-hinweise\/#breadcrumb\"},\"inLanguage\":\"en-GB\",\"potentialAction\":[{\"@type\":\"ReadAction\",\"target\":[\"https:\/\/gehrilegal.com\/rechtliche-hinweise\/\"]}]},{\"@type\":\"BreadcrumbList\",\"@id\":\"https:\/\/gehrilegal.com\/rechtliche-hinweise\/#breadcrumb\",\"itemListElement\":[{\"@type\":\"ListItem\",\"position\":1,\"name\":\"Startseite\",\"item\":\"https:\/\/gehrilegal.com\/\"},{\"@type\":\"ListItem\",\"position\":2,\"name\":\"Rechtliche Hinweise\"}]},{\"@type\":\"WebSite\",\"@id\":\"https:\/\/gehrilegal.com\/#website\",\"url\":\"https:\/\/gehrilegal.com\/\",\"name\":\"Gehrilegal Attorneys\",\"description\":\"\",\"potentialAction\":[{\"@type\":\"SearchAction\",\"target\":{\"@type\":\"EntryPoint\",\"urlTemplate\":\"https:\/\/gehrilegal.com\/?s={search_term_string}\"},\"query-input\":{\"@type\":\"PropertyValueSpecification\",\"valueRequired\":true,\"valueName\":\"search_term_string\"}}],\"inLanguage\":\"en-GB\"}]}<\/script>\n<!-- \/ Yoast SEO plugin. -->","yoast_head_json":{"title":"Gehrilegal Attorneys - Rechtliche Hinweise","description":"Die auf dieser Webseite abrufbaren Inhalte dienen nur der Information. Sie stellen keine Rechtsberatung dar.","robots":{"index":"noindex","follow":"follow"},"og_locale":"en_GB","og_type":"article","og_title":"Gehrilegal Attorneys - Rechtliche Hinweise","og_description":"Die auf dieser Webseite abrufbaren Inhalte dienen nur der Information. Sie stellen keine Rechtsberatung dar.","og_url":"https:\/\/gehrilegal.com\/en\/rechtliche-hinweise\/","og_site_name":"Gehrilegal Attorneys","article_modified_time":"2022-10-11T07:14:34+00:00","twitter_card":"summary_large_image","twitter_misc":{"Estimated reading time":"2 minutes"},"schema":{"@context":"https:\/\/schema.org","@graph":[{"@type":"WebPage","@id":"https:\/\/gehrilegal.com\/rechtliche-hinweise\/","url":"https:\/\/gehrilegal.com\/rechtliche-hinweise\/","name":"Gehrilegal Attorneys - Rechtliche Hinweise","isPartOf":{"@id":"https:\/\/gehrilegal.com\/#website"},"datePublished":"2021-03-03T15:45:48+00:00","dateModified":"2022-10-11T07:14:34+00:00","description":"Die auf dieser Webseite abrufbaren Inhalte dienen nur der Information. Sie stellen keine Rechtsberatung dar.","breadcrumb":{"@id":"https:\/\/gehrilegal.com\/rechtliche-hinweise\/#breadcrumb"},"inLanguage":"en-GB","potentialAction":[{"@type":"ReadAction","target":["https:\/\/gehrilegal.com\/rechtliche-hinweise\/"]}]},{"@type":"BreadcrumbList","@id":"https:\/\/gehrilegal.com\/rechtliche-hinweise\/#breadcrumb","itemListElement":[{"@type":"ListItem","position":1,"name":"Startseite","item":"https:\/\/gehrilegal.com\/"},{"@type":"ListItem","position":2,"name":"Rechtliche Hinweise"}]},{"@type":"WebSite","@id":"https:\/\/gehrilegal.com\/#website","url":"https:\/\/gehrilegal.com\/","name":"Gehrilegal Attorneys","description":"","potentialAction":[{"@type":"SearchAction","target":{"@type":"EntryPoint","urlTemplate":"https:\/\/gehrilegal.com\/?s={search_term_string}"},"query-input":{"@type":"PropertyValueSpecification","valueRequired":true,"valueName":"search_term_string"}}],"inLanguage":"en-GB"}]}},"_links":{"self":[{"href":"https:\/\/gehrilegal.com\/en\/wp-json\/wp\/v2\/pages\/127","targetHints":{"allow":["GET"]}}],"collection":[{"href":"https:\/\/gehrilegal.com\/en\/wp-json\/wp\/v2\/pages"}],"about":[{"href":"https:\/\/gehrilegal.com\/en\/wp-json\/wp\/v2\/types\/page"}],"author":[{"embeddable":true,"href":"https:\/\/gehrilegal.com\/en\/wp-json\/wp\/v2\/users\/1"}],"replies":[{"embeddable":true,"href":"https:\/\/gehrilegal.com\/en\/wp-json\/wp\/v2\/comments?post=127"}],"version-history":[{"count":9,"href":"https:\/\/gehrilegal.com\/en\/wp-json\/wp\/v2\/pages\/127\/revisions"}],"predecessor-version":[{"id":871,"href":"https:\/\/gehrilegal.com\/en\/wp-json\/wp\/v2\/pages\/127\/revisions\/871"}],"wp:attachment":[{"href":"https:\/\/gehrilegal.com\/en\/wp-json\/wp\/v2\/media?parent=127"}],"curies":[{"name":"wp","href":"https:\/\/api.w.org\/{rel}","templated":true}]}}