{"id":1006,"date":"2022-10-10T13:56:24","date_gmt":"2022-10-10T11:56:24","guid":{"rendered":"https:\/\/gehrilegal.com\/?page_id=1006"},"modified":"2023-11-02T08:07:51","modified_gmt":"2023-11-02T07:07:51","slug":"kanzlei","status":"publish","type":"page","link":"https:\/\/gehrilegal.com\/en\/kanzlei\/","title":{"rendered":"Law Firm"},"content":{"rendered":"<h1>\n\t\tDr. iur. Myriam Gehri, LL.M.\n\t<\/h1>\n\t\t\t\t<img decoding=\"async\" src=\"https:\/\/gehrilegal.com\/wp-content\/uploads\/2022\/10\/myriam-gehri.jpg\" alt=\"Myriam Gehri\" title=\"myriam-gehri-gehrilegal-attorneys\" itemprop=\"image\"  \/>\n<h2>\n\t\tAdmission for Switzerland, England and Wales\n\t<\/h2>\n\t<p>Myriam Gehri studied law at the University of Zurich. She was admitted to the bar in Switzerland in 1998 and was additionally admitted to the bar in England and Wales in 2006.<\/p>\n<p>Prior to founding Gehrilegal Attorneys in 2016, Myriam Gehri built up extensive practice experience both on the advocacy side as well as inhouse legal counsel.<\/p>\n<h2>\n\t\tMany years of practical experience in commercial and business law\n\t<\/h2>\n\t<p>From 1999 to 2009, she worked for various law firms such as Pestalozzi Lachenal Party, Addleshaw Goddard LLP, Meyer Lustenberger Attorneys at Law and Suter &amp; Partner Attorneys at Law. She soon specialised in commercial and business law. From 2009, she headed the international legal department at Basilea Pharmaceutica as General Counsel and Secretary of the Board of Directors.<\/p>\n<p>Further positions in the industry followed, first at Ferrexpo as Head of Legal and then at Schindler Management as Senior Legal Counsel.<\/p>\n<p>Myriam Gehri has led numerous notable contractual projects, due diligence reviews, litigation and arbitration cases, many of them international. She has in-depth knowledge of the commodities, biotech, pharmaceutical, elevator and escalator sectors.<\/p>\n<h2>\n\t\tTeaching and commercial judiciary\n\t<\/h2>\n\t<p>In addition to her work as a lawyer, Myriam Gehri assisted the Chair of Civil Procedure Law and Debt Collection and Bankruptcy Law under Prof. Dr Karl Sp\u00fchler at the University of Zurich from 2001 to 2002.<\/p>\n<p>In parallel to her work as an attorney, Ms Gehri has been a part-time commercial judge in Zurich since 2013.<\/p>\n<h2>\n\t\tMemberships\n\t<\/h2>\n\t<ul>\n<li>Swiss Bar Association<\/li>\n<li>Zurich Bar Association<\/li>\n<li>Swiss Business Association<\/li>\n<li>Association of University Lecturers in Civil Procedure Law<\/li>\n<li>SchKG Association<\/li>\n<li>Law Society of England &amp; Wales<\/li>\n<li>Swiss Association of Commercial Judges<\/li>\n<li>Association of Zurich Trading Companies<\/li>\n<li>Swiss Cadre Organisation<\/li>\n<\/ul>\n\t<p>Languages: German, English, French and Italian<\/p>\n\t<a href=\"https:\/\/www.linkedin.com\/in\/myriam-gehri\" target=\"_self\" role=\"button\" aria-label=\"LinkedIn\" rel=\"noopener\">\n\t\t\t\t\t\tLinkedIn\n\t\t\t\t\t<\/a>\n<h2>\n\t\tOur expertise\n\t<\/h2>\n\t\t\t<a href=\"https:\/\/gehrilegal.com\/en\/vertragswesen\/\" target=\"_self\" rel=\"noopener\">\n\t\t\t\t\t\t\tContracts\n\t\t\t\t\t<\/a>\n\t\t\t<a href=\"https:\/\/gehrilegal.com\/en\/vollstreckung\/\" target=\"_self\" rel=\"noopener\">\n\t\t\t\t\t\t\tEnforcement\n\t\t\t\t\t<\/a>\n\t\t\t<a href=\"https:\/\/gehrilegal.com\/en\/zivilprozessrecht\/\" target=\"_self\" rel=\"noopener\">\n\t\t\t\t\t\t\tCivil Procedure Law\n\t\t\t\t\t<\/a>","protected":false},"excerpt":{"rendered":"<p>Dr. iur. Myriam Gehri, LL.M. Zulassungen f\u00fcr Schweiz, England und Wales Myriam Gehri studierte Rechtswissenschaften an der Universit\u00e4t Z\u00fcrich. Sie verf\u00fcgt seit 1998 \u00fcber die Anwaltszulassung f\u00fcr die Schweiz und seit 2006 zus\u00e4tzlich \u00fcber die Zulassung f\u00fcr England und Wales. Vor der Gr\u00fcndung von Gehrilegal Attorneys im Jahre 2016 hat Myriam Gehri umfassende Praxiserfahrung auf&hellip;<\/p>","protected":false},"author":1,"featured_media":0,"parent":0,"menu_order":0,"comment_status":"closed","ping_status":"closed","template":"","meta":{"inline_featured_image":false,"footnotes":""},"class_list":["post-1006","page","type-page","status-publish","hentry"],"yoast_head":"<!-- This site is optimized with the Yoast SEO plugin v27.2 - https:\/\/yoast.com\/product\/yoast-seo-wordpress\/ -->\n<title>Dr. iur. Myriam Gehri, LL.M.<\/title>\n<meta name=\"description\" content=\"Myriam Gehri hat langj\u00e4hrige Praxiserfahrung im Handels- und Wirtschaftsrecht. Sie verf\u00fcgt \u00fcber Anwaltszulassungen f\u00fcr die Schweiz, England und Wales.\" \/>\n<meta name=\"robots\" content=\"index, follow, max-snippet:-1, max-image-preview:large, max-video-preview:-1\" \/>\n<link rel=\"canonical\" href=\"https:\/\/gehrilegal.com\/en\/kanzlei\/\" \/>\n<meta property=\"og:locale\" content=\"en_GB\" \/>\n<meta property=\"og:type\" content=\"article\" \/>\n<meta property=\"og:title\" content=\"Dr. iur. Myriam Gehri, LL.M.\" \/>\n<meta property=\"og:description\" content=\"Myriam Gehri hat langj\u00e4hrige Praxiserfahrung im Handels- und Wirtschaftsrecht. Sie verf\u00fcgt \u00fcber Anwaltszulassungen f\u00fcr die Schweiz, England und Wales.\" \/>\n<meta property=\"og:url\" content=\"https:\/\/gehrilegal.com\/en\/kanzlei\/\" \/>\n<meta property=\"og:site_name\" content=\"Gehrilegal Attorneys\" \/>\n<meta property=\"article:modified_time\" content=\"2023-11-02T07:07:51+00:00\" \/>\n<meta property=\"og:image\" content=\"https:\/\/gehrilegal.com\/wp-content\/uploads\/2022\/10\/myriam-gehri.jpg\" \/>\n<meta name=\"twitter:card\" content=\"summary_large_image\" \/>\n<meta name=\"twitter:label1\" content=\"Estimated reading time\" \/>\n\t<meta name=\"twitter:data1\" content=\"4 minutes\" \/>\n<script type=\"application\/ld+json\" class=\"yoast-schema-graph\">{\"@context\":\"https:\/\/schema.org\",\"@graph\":[{\"@type\":\"WebPage\",\"@id\":\"https:\/\/gehrilegal.com\/kanzlei\/\",\"url\":\"https:\/\/gehrilegal.com\/kanzlei\/\",\"name\":\"Dr. iur. Myriam Gehri, LL.M.\",\"isPartOf\":{\"@id\":\"https:\/\/gehrilegal.com\/#website\"},\"primaryImageOfPage\":{\"@id\":\"https:\/\/gehrilegal.com\/kanzlei\/#primaryimage\"},\"image\":{\"@id\":\"https:\/\/gehrilegal.com\/kanzlei\/#primaryimage\"},\"thumbnailUrl\":\"https:\/\/gehrilegal.com\/wp-content\/uploads\/2022\/10\/myriam-gehri.jpg\",\"datePublished\":\"2022-10-10T11:56:24+00:00\",\"dateModified\":\"2023-11-02T07:07:51+00:00\",\"description\":\"Myriam Gehri hat langj\u00e4hrige Praxiserfahrung im Handels- und Wirtschaftsrecht. Sie verf\u00fcgt \u00fcber Anwaltszulassungen f\u00fcr die Schweiz, England und Wales.\",\"breadcrumb\":{\"@id\":\"https:\/\/gehrilegal.com\/kanzlei\/#breadcrumb\"},\"inLanguage\":\"en-GB\",\"potentialAction\":[{\"@type\":\"ReadAction\",\"target\":[\"https:\/\/gehrilegal.com\/kanzlei\/\"]}]},{\"@type\":\"ImageObject\",\"inLanguage\":\"en-GB\",\"@id\":\"https:\/\/gehrilegal.com\/kanzlei\/#primaryimage\",\"url\":\"https:\/\/gehrilegal.com\/wp-content\/uploads\/2022\/10\/myriam-gehri.jpg\",\"contentUrl\":\"https:\/\/gehrilegal.com\/wp-content\/uploads\/2022\/10\/myriam-gehri.jpg\"},{\"@type\":\"BreadcrumbList\",\"@id\":\"https:\/\/gehrilegal.com\/kanzlei\/#breadcrumb\",\"itemListElement\":[{\"@type\":\"ListItem\",\"position\":1,\"name\":\"Startseite\",\"item\":\"https:\/\/gehrilegal.com\/\"},{\"@type\":\"ListItem\",\"position\":2,\"name\":\"Kanzlei\"}]},{\"@type\":\"WebSite\",\"@id\":\"https:\/\/gehrilegal.com\/#website\",\"url\":\"https:\/\/gehrilegal.com\/\",\"name\":\"Gehrilegal Attorneys\",\"description\":\"\",\"potentialAction\":[{\"@type\":\"SearchAction\",\"target\":{\"@type\":\"EntryPoint\",\"urlTemplate\":\"https:\/\/gehrilegal.com\/?s={search_term_string}\"},\"query-input\":{\"@type\":\"PropertyValueSpecification\",\"valueRequired\":true,\"valueName\":\"search_term_string\"}}],\"inLanguage\":\"en-GB\"}]}<\/script>\n<!-- \/ Yoast SEO plugin. -->","yoast_head_json":{"title":"Dr. iur. Myriam Gehri, LL.M.","description":"Myriam Gehri hat langj\u00e4hrige Praxiserfahrung im Handels- und Wirtschaftsrecht. Sie verf\u00fcgt \u00fcber Anwaltszulassungen f\u00fcr die Schweiz, England und Wales.","robots":{"index":"index","follow":"follow","max-snippet":"max-snippet:-1","max-image-preview":"max-image-preview:large","max-video-preview":"max-video-preview:-1"},"canonical":"https:\/\/gehrilegal.com\/en\/kanzlei\/","og_locale":"en_GB","og_type":"article","og_title":"Dr. iur. Myriam Gehri, LL.M.","og_description":"Myriam Gehri hat langj\u00e4hrige Praxiserfahrung im Handels- und Wirtschaftsrecht. Sie verf\u00fcgt \u00fcber Anwaltszulassungen f\u00fcr die Schweiz, England und Wales.","og_url":"https:\/\/gehrilegal.com\/en\/kanzlei\/","og_site_name":"Gehrilegal Attorneys","article_modified_time":"2023-11-02T07:07:51+00:00","og_image":[{"url":"https:\/\/gehrilegal.com\/wp-content\/uploads\/2022\/10\/myriam-gehri.jpg","type":"","width":"","height":""}],"twitter_card":"summary_large_image","twitter_misc":{"Estimated reading time":"4 minutes"},"schema":{"@context":"https:\/\/schema.org","@graph":[{"@type":"WebPage","@id":"https:\/\/gehrilegal.com\/kanzlei\/","url":"https:\/\/gehrilegal.com\/kanzlei\/","name":"Dr. iur. Myriam Gehri, LL.M.","isPartOf":{"@id":"https:\/\/gehrilegal.com\/#website"},"primaryImageOfPage":{"@id":"https:\/\/gehrilegal.com\/kanzlei\/#primaryimage"},"image":{"@id":"https:\/\/gehrilegal.com\/kanzlei\/#primaryimage"},"thumbnailUrl":"https:\/\/gehrilegal.com\/wp-content\/uploads\/2022\/10\/myriam-gehri.jpg","datePublished":"2022-10-10T11:56:24+00:00","dateModified":"2023-11-02T07:07:51+00:00","description":"Myriam Gehri hat langj\u00e4hrige Praxiserfahrung im Handels- und Wirtschaftsrecht. Sie verf\u00fcgt \u00fcber Anwaltszulassungen f\u00fcr die Schweiz, England und Wales.","breadcrumb":{"@id":"https:\/\/gehrilegal.com\/kanzlei\/#breadcrumb"},"inLanguage":"en-GB","potentialAction":[{"@type":"ReadAction","target":["https:\/\/gehrilegal.com\/kanzlei\/"]}]},{"@type":"ImageObject","inLanguage":"en-GB","@id":"https:\/\/gehrilegal.com\/kanzlei\/#primaryimage","url":"https:\/\/gehrilegal.com\/wp-content\/uploads\/2022\/10\/myriam-gehri.jpg","contentUrl":"https:\/\/gehrilegal.com\/wp-content\/uploads\/2022\/10\/myriam-gehri.jpg"},{"@type":"BreadcrumbList","@id":"https:\/\/gehrilegal.com\/kanzlei\/#breadcrumb","itemListElement":[{"@type":"ListItem","position":1,"name":"Startseite","item":"https:\/\/gehrilegal.com\/"},{"@type":"ListItem","position":2,"name":"Kanzlei"}]},{"@type":"WebSite","@id":"https:\/\/gehrilegal.com\/#website","url":"https:\/\/gehrilegal.com\/","name":"Gehrilegal Attorneys","description":"","potentialAction":[{"@type":"SearchAction","target":{"@type":"EntryPoint","urlTemplate":"https:\/\/gehrilegal.com\/?s={search_term_string}"},"query-input":{"@type":"PropertyValueSpecification","valueRequired":true,"valueName":"search_term_string"}}],"inLanguage":"en-GB"}]}},"_links":{"self":[{"href":"https:\/\/gehrilegal.com\/en\/wp-json\/wp\/v2\/pages\/1006","targetHints":{"allow":["GET"]}}],"collection":[{"href":"https:\/\/gehrilegal.com\/en\/wp-json\/wp\/v2\/pages"}],"about":[{"href":"https:\/\/gehrilegal.com\/en\/wp-json\/wp\/v2\/types\/page"}],"author":[{"embeddable":true,"href":"https:\/\/gehrilegal.com\/en\/wp-json\/wp\/v2\/users\/1"}],"replies":[{"embeddable":true,"href":"https:\/\/gehrilegal.com\/en\/wp-json\/wp\/v2\/comments?post=1006"}],"version-history":[{"count":21,"href":"https:\/\/gehrilegal.com\/en\/wp-json\/wp\/v2\/pages\/1006\/revisions"}],"predecessor-version":[{"id":1084,"href":"https:\/\/gehrilegal.com\/en\/wp-json\/wp\/v2\/pages\/1006\/revisions\/1084"}],"wp:attachment":[{"href":"https:\/\/gehrilegal.com\/en\/wp-json\/wp\/v2\/media?parent=1006"}],"curies":[{"name":"wp","href":"https:\/\/api.w.org\/{rel}","templated":true}]}}